{"id":1722,"date":"2017-12-11T21:06:42","date_gmt":"2017-12-11T21:06:42","guid":{"rendered":"https:\/\/nutspyha.fi\/instructions-for-support-crew\/"},"modified":"2026-03-25T10:50:22","modified_gmt":"2026-03-25T10:50:22","slug":"crew","status":"publish","type":"page","link":"https:\/\/nutspyha.fi\/en\/crew\/","title":{"rendered":"Guidelines for Support Crews"},"content":{"rendered":"\n<p>NUTS Pyh\u00e4 Event Center is located in the courtyard of Hotel Pyh\u00e4tunturi. There is limited parking in front of the hotel, so if you are arriving by car, we recommend parking at Visitor Center Naava or Polarrinne Parking and using the <strong>NUTS Shuttle Bus<\/strong> service. Guests staying in Pyh\u00e4tunturi are encouraged to reach the event area on foot or by bike due to the limited parking availability.<\/p>\n\n\n\n<h2 class=\"wp-block-heading\">\ud83d\ude8c NUTS SHUTTLE BUS<\/h2>\n\n\n\n<div class=\"wp-block-columns is-layout-flex wp-container-core-columns-is-layout-9d6595d7 wp-block-columns-is-layout-flex\">\n<div class=\"wp-block-column is-layout-flow wp-block-column-is-layout-flow\">\n<div class=\"wp-block-columns is-layout-flex wp-container-core-columns-is-layout-9d6595d7 wp-block-columns-is-layout-flex\">\n<div class=\"wp-block-column is-layout-flow wp-block-column-is-layout-flow\">\n<h3 class=\"wp-block-heading\">NonStop Bus Transport on Friday &amp; Saturday<\/h3>\n\n\n\n<p>Visitor Center Naava &#8211; Hotel Pyh\u00e4tunturi<br>Kutilan Liikenne NonStop shuttle bus service will take you from the Visitor Center Naava \/ Polarrinne Parking -parking areas right next to the event site \u2014 and back.<\/p>\n\n\n\n<p><strong>\ud83e\udded Friday 7.8. at 17:00 &#8211; 22:00<br>\ud83e\udded Saturday 8.8. at 7:30 &#8211; 18:00<\/strong><\/p>\n\n\n\n<div class=\"wp-block-buttons is-layout-flex wp-block-buttons-is-layout-flex\">\n<div class=\"wp-block-button\"><a class=\"wp-block-button__link wp-element-button\" href=\"https:\/\/nutspyha.fi\/en\/crew\/\">Instructions for supporters<\/a><\/div>\n<\/div>\n<\/div>\n\n\n\n<div class=\"wp-block-column is-layout-flow wp-block-column-is-layout-flow\">\n<figure class=\"wp-block-image size-large\"><img loading=\"lazy\" decoding=\"async\" width=\"1024\" height=\"715\" src=\"https:\/\/media.nuts.fi\/wp-content\/uploads\/sites\/8\/2026\/03\/25065349\/Kutila-logo-e1774421652316-1024x715.jpg\" alt=\"\" class=\"wp-image-2376\" srcset=\"https:\/\/media.nuts.fi\/wp-content\/uploads\/sites\/8\/2026\/03\/25065349\/Kutila-logo-e1774421652316-1024x715.jpg 1024w, https:\/\/media.nuts.fi\/wp-content\/uploads\/sites\/8\/2026\/03\/25065349\/Kutila-logo-e1774421652316-300x209.jpg 300w, https:\/\/media.nuts.fi\/wp-content\/uploads\/sites\/8\/2026\/03\/25065349\/Kutila-logo-e1774421652316-768x536.jpg 768w, https:\/\/media.nuts.fi\/wp-content\/uploads\/sites\/8\/2026\/03\/25065349\/Kutila-logo-e1774421652316.jpg 1533w\" sizes=\"auto, (max-width: 1024px) 100vw, 1024px\" \/><\/figure>\n<\/div>\n<\/div>\n<\/div>\n<\/div>\n\n\n\n<h2 class=\"wp-block-heading\">Great Spots to Cheer On the Runners:<\/h2>\n\n\n\n<h3 class=\"wp-block-heading\">\ud83d\udea1Pyh\u00e4 Scenic Chairlift\ud83d\udea1<\/h3>\n\n\n\n<p>The Pyh\u00e4 Scenic Chairlift makes it easy to reach the top of the fell \u2013 no running shoes needed. The best spot to cheer on the runners is the breathtaking final stretch at the summit, crowned with stunning views. You\u2019ll also find Restaurant Tsokka and the Pyh\u00e4 Dreams Wine Bar there.<\/p>\n\n\n\n<p>The scenic lift is open during the event from 10:30 AM to 5:00 PM. Tickets can be purchased from the ticket machine at the base station (card payments only). Cash tickets are available at the Hotel Pyh\u00e4tunturi reception and Pyh\u00e4 Store during their opening hours. <a href=\"https:\/\/www.pyha.fi\/en\/scenic-lift-summer\">Read more here! <\/a><\/p>\n\n\n\n<h3 class=\"wp-block-heading\">\ud83c\udf04Kultakero Summit<\/h3>\n\n\n\n<p>You can reach Kultakero summit by taking the scenic lift (Pyh\u00e4 Express), which offers stunning views in all directions. Runners will make their final grueling climb to the summit of Kultakero, so your encouragement will be much needed there. Timetables and tickets can be found <a href=\"https:\/\/www.pyha.fi\/en\/scenic-lift-summer\">here<\/a>.<\/p>\n\n\n\n<h3 class=\"wp-block-heading\">\u26faKarhunjuomalampi<\/h3>\n\n\n\n<p>Runners pass by Karhunjuomalampi twice, making it an excellent spot for cheering. Along the way, you can also visit Finland\u2019s deepest fell gorge (Isokuru), Pyh\u00e4nkaste Waterfall, and Uhriharju, which are among the most popular attractions in Pyh\u00e4 National Park.<\/p>\n\n\n\n<h3 class=\"wp-block-heading\">\u26faHuttuloma<\/h3>\n\n\n\n<p>Marathon runners pass Huttuloma twice, and half-marathon runners turn back towards the finish line at Huttuloma. You can reach Huttuloma by driving along Huttuj\u00e4rventie (turning from Luostontie) to the edge of the national park, from where the journey continues on foot, running, or by bike for about a kilometer to the Huttuloma wilderness hut. <\/p>\n\n\n\n<p><strong>Please note that the road to Huttuloma is very narrow and in poor condition. If you wish to go there to cheer, we strongly recommend using a bicycle. Parking along the roadside is strictly prohibited! The emergency access road must remain clear at all times.<\/strong><\/p>\n\n\n\n<h2 class=\"wp-block-heading\">\ud83d\udca1More Tips for Supporters:<\/h2>\n\n\n\n<h3 class=\"wp-block-heading\">\ud83d\udcf7 Photo Spots and Snacks<\/h3>\n\n\n\n<p>Bring a camera to capture the runners\u2019 expressions and experiences. Pack your own snacks and drinks, as there are no services along the route.<\/p>\n\n\n\n<h3 class=\"wp-block-heading\">\ud83d\udccd Follow the Event and Live Results<\/h3>\n\n\n\n<p>Follow the event and track the runners\u2019 progress in real-time through the live results service. This way, you can cheer at the right moment and know when the runners are approaching you.<\/p>\n\n\n\n<h3 class=\"wp-block-heading\">\ud83d\udcaaCheering Signs and Shouts<\/h3>\n\n\n\n<p>Make cheering signs and be ready to cheer loudly for the runners. They will appreciate every word of encouragement, especially on challenging climbs and descents.<\/p>\n\n\n\n<h3 class=\"wp-block-heading\">\ud83e\udd1dCommunity and Atmosphere<\/h3>\n\n\n\n<p>Cheering is also a community experience. Join in and enjoy the event\u2019s atmosphere with other supporters. Share experiences and enjoy the beauty of nature together.<\/p>\n","protected":false},"excerpt":{"rendered":"<p>NUTS Pyh\u00e4 Event Center is located in the courtyard of Hotel Pyh\u00e4tunturi. There is limited parking in front of the hotel, so if you are arriving by car, we recommend parking at Visitor Center Naava or Polarrinne Parking and using the NUTS Shuttle Bus service. Guests staying in Pyh\u00e4tunturi are encouraged to reach the event&#8230;<\/p>\n","protected":false},"author":1,"featured_media":1913,"parent":0,"menu_order":0,"comment_status":"closed","ping_status":"closed","template":"","meta":{"_kad_blocks_custom_css":"","_kad_blocks_head_custom_js":"","_kad_blocks_body_custom_js":"","_kad_blocks_footer_custom_js":"","_kad_post_transparent":"","_kad_post_title":"","_kad_post_layout":"","_kad_post_sidebar_id":"","_kad_post_content_style":"","_kad_post_vertical_padding":"","_kad_post_feature":"","_kad_post_feature_position":"","_kad_post_header":false,"_kad_post_footer":false,"_kad_post_classname":"","footnotes":""},"class_list":["post-1722","page","type-page","status-publish","has-post-thumbnail","hentry"],"yoast_head":"<!-- This site is optimized with the Yoast SEO plugin v26.8 - https:\/\/yoast.com\/product\/yoast-seo-wordpress\/ -->\n<title>Guidelines for Support Crews - NUTS Pyh\u00e4 -polkujuoksu<\/title>\n<meta name=\"robots\" content=\"index, follow, max-snippet:-1, max-image-preview:large, max-video-preview:-1\" \/>\n<link rel=\"canonical\" href=\"https:\/\/nutspyha.fi\/en\/crew\/\" \/>\n<meta property=\"og:locale\" content=\"en_US\" \/>\n<meta property=\"og:type\" content=\"article\" \/>\n<meta property=\"og:title\" content=\"Guidelines for Support Crews - NUTS Pyh\u00e4 -polkujuoksu\" \/>\n<meta property=\"og:description\" content=\"NUTS Pyh\u00e4 Event Center is located in the courtyard of Hotel Pyh\u00e4tunturi. There is limited parking in front of the hotel, so if you are arriving by car, we recommend parking at Visitor Center Naava or Polarrinne Parking and using the NUTS Shuttle Bus service. Guests staying in Pyh\u00e4tunturi are encouraged to reach the event...\" \/>\n<meta property=\"og:url\" content=\"https:\/\/nutspyha.fi\/en\/crew\/\" \/>\n<meta property=\"og:site_name\" content=\"NUTS Pyh\u00e4 -polkujuoksu\" \/>\n<meta property=\"article:modified_time\" content=\"2026-03-25T10:50:22+00:00\" \/>\n<meta property=\"og:image\" content=\"https:\/\/media.nuts.fi\/wp-content\/uploads\/sites\/8\/2024\/07\/28141559\/NUTS-Pyha23-Tapahtumakuvat-Rami-Valonen-31.jpg\" \/>\n\t<meta property=\"og:image:width\" content=\"1024\" \/>\n\t<meta property=\"og:image:height\" content=\"683\" \/>\n\t<meta property=\"og:image:type\" content=\"image\/jpeg\" \/>\n<meta name=\"twitter:card\" content=\"summary_large_image\" \/>\n<meta name=\"twitter:label1\" content=\"Est. reading time\" \/>\n\t<meta name=\"twitter:data1\" content=\"4 minutes\" \/>\n<script type=\"application\/ld+json\" class=\"yoast-schema-graph\">{\"@context\":\"https:\/\/schema.org\",\"@graph\":[{\"@type\":\"WebPage\",\"@id\":\"https:\/\/nutspyha.fi\/en\/crew\/\",\"url\":\"https:\/\/nutspyha.fi\/en\/crew\/\",\"name\":\"Guidelines for Support Crews - NUTS Pyh\u00e4 -polkujuoksu\",\"isPartOf\":{\"@id\":\"https:\/\/nutspyha.fi\/en\/#website\"},\"primaryImageOfPage\":{\"@id\":\"https:\/\/nutspyha.fi\/en\/crew\/#primaryimage\"},\"image\":{\"@id\":\"https:\/\/nutspyha.fi\/en\/crew\/#primaryimage\"},\"thumbnailUrl\":\"https:\/\/media.nuts.fi\/wp-content\/uploads\/sites\/8\/2024\/07\/28141559\/NUTS-Pyha23-Tapahtumakuvat-Rami-Valonen-31.jpg\",\"datePublished\":\"2017-12-11T21:06:42+00:00\",\"dateModified\":\"2026-03-25T10:50:22+00:00\",\"breadcrumb\":{\"@id\":\"https:\/\/nutspyha.fi\/en\/crew\/#breadcrumb\"},\"inLanguage\":\"en-US\",\"potentialAction\":[{\"@type\":\"ReadAction\",\"target\":[\"https:\/\/nutspyha.fi\/en\/crew\/\"]}]},{\"@type\":\"ImageObject\",\"inLanguage\":\"en-US\",\"@id\":\"https:\/\/nutspyha.fi\/en\/crew\/#primaryimage\",\"url\":\"https:\/\/media.nuts.fi\/wp-content\/uploads\/sites\/8\/2024\/07\/28141559\/NUTS-Pyha23-Tapahtumakuvat-Rami-Valonen-31.jpg\",\"contentUrl\":\"https:\/\/media.nuts.fi\/wp-content\/uploads\/sites\/8\/2024\/07\/28141559\/NUTS-Pyha23-Tapahtumakuvat-Rami-Valonen-31.jpg\",\"width\":1024,\"height\":683},{\"@type\":\"BreadcrumbList\",\"@id\":\"https:\/\/nutspyha.fi\/en\/crew\/#breadcrumb\",\"itemListElement\":[{\"@type\":\"ListItem\",\"position\":1,\"name\":\"Etusivu\",\"item\":\"https:\/\/nutspyha.fi\/en\/\"},{\"@type\":\"ListItem\",\"position\":2,\"name\":\"Guidelines for Support Crews\"}]},{\"@type\":\"WebSite\",\"@id\":\"https:\/\/nutspyha.fi\/en\/#website\",\"url\":\"https:\/\/nutspyha.fi\/en\/\",\"name\":\"NUTS Pyh\u00e4 -polkujuoksu\",\"description\":\"Polkujuoksu 10 km, 21 km ja 43 km Pyh\u00e4\u2013Luoston kansallispuistossa\",\"publisher\":{\"@id\":\"https:\/\/nutspyha.fi\/en\/#organization\"},\"potentialAction\":[{\"@type\":\"SearchAction\",\"target\":{\"@type\":\"EntryPoint\",\"urlTemplate\":\"https:\/\/nutspyha.fi\/en\/?s={search_term_string}\"},\"query-input\":{\"@type\":\"PropertyValueSpecification\",\"valueRequired\":true,\"valueName\":\"search_term_string\"}}],\"inLanguage\":\"en-US\"},{\"@type\":\"Organization\",\"@id\":\"https:\/\/nutspyha.fi\/en\/#organization\",\"name\":\"NUTS Pyh\u00e4 -polkujuoksu\",\"url\":\"https:\/\/nutspyha.fi\/en\/\",\"logo\":{\"@type\":\"ImageObject\",\"inLanguage\":\"en-US\",\"@id\":\"https:\/\/nutspyha.fi\/en\/#\/schema\/logo\/image\/\",\"url\":\"https:\/\/media.nuts.fi\/wp-content\/uploads\/sites\/8\/2025\/01\/28141552\/nuts-pyha-white.svg\",\"contentUrl\":\"https:\/\/media.nuts.fi\/wp-content\/uploads\/sites\/8\/2025\/01\/28141552\/nuts-pyha-white.svg\",\"caption\":\"NUTS Pyh\u00e4 -polkujuoksu\"},\"image\":{\"@id\":\"https:\/\/nutspyha.fi\/en\/#\/schema\/logo\/image\/\"}}]}<\/script>\n<!-- \/ Yoast SEO plugin. -->","yoast_head_json":{"title":"Guidelines for Support Crews - NUTS Pyh\u00e4 -polkujuoksu","robots":{"index":"index","follow":"follow","max-snippet":"max-snippet:-1","max-image-preview":"max-image-preview:large","max-video-preview":"max-video-preview:-1"},"canonical":"https:\/\/nutspyha.fi\/en\/crew\/","og_locale":"en_US","og_type":"article","og_title":"Guidelines for Support Crews - NUTS Pyh\u00e4 -polkujuoksu","og_description":"NUTS Pyh\u00e4 Event Center is located in the courtyard of Hotel Pyh\u00e4tunturi. There is limited parking in front of the hotel, so if you are arriving by car, we recommend parking at Visitor Center Naava or Polarrinne Parking and using the NUTS Shuttle Bus service. Guests staying in Pyh\u00e4tunturi are encouraged to reach the event...","og_url":"https:\/\/nutspyha.fi\/en\/crew\/","og_site_name":"NUTS Pyh\u00e4 -polkujuoksu","article_modified_time":"2026-03-25T10:50:22+00:00","og_image":[{"width":1024,"height":683,"url":"https:\/\/media.nuts.fi\/wp-content\/uploads\/sites\/8\/2024\/07\/28141559\/NUTS-Pyha23-Tapahtumakuvat-Rami-Valonen-31.jpg","type":"image\/jpeg"}],"twitter_card":"summary_large_image","twitter_misc":{"Est. reading time":"4 minutes"},"schema":{"@context":"https:\/\/schema.org","@graph":[{"@type":"WebPage","@id":"https:\/\/nutspyha.fi\/en\/crew\/","url":"https:\/\/nutspyha.fi\/en\/crew\/","name":"Guidelines for Support Crews - NUTS Pyh\u00e4 -polkujuoksu","isPartOf":{"@id":"https:\/\/nutspyha.fi\/en\/#website"},"primaryImageOfPage":{"@id":"https:\/\/nutspyha.fi\/en\/crew\/#primaryimage"},"image":{"@id":"https:\/\/nutspyha.fi\/en\/crew\/#primaryimage"},"thumbnailUrl":"https:\/\/media.nuts.fi\/wp-content\/uploads\/sites\/8\/2024\/07\/28141559\/NUTS-Pyha23-Tapahtumakuvat-Rami-Valonen-31.jpg","datePublished":"2017-12-11T21:06:42+00:00","dateModified":"2026-03-25T10:50:22+00:00","breadcrumb":{"@id":"https:\/\/nutspyha.fi\/en\/crew\/#breadcrumb"},"inLanguage":"en-US","potentialAction":[{"@type":"ReadAction","target":["https:\/\/nutspyha.fi\/en\/crew\/"]}]},{"@type":"ImageObject","inLanguage":"en-US","@id":"https:\/\/nutspyha.fi\/en\/crew\/#primaryimage","url":"https:\/\/media.nuts.fi\/wp-content\/uploads\/sites\/8\/2024\/07\/28141559\/NUTS-Pyha23-Tapahtumakuvat-Rami-Valonen-31.jpg","contentUrl":"https:\/\/media.nuts.fi\/wp-content\/uploads\/sites\/8\/2024\/07\/28141559\/NUTS-Pyha23-Tapahtumakuvat-Rami-Valonen-31.jpg","width":1024,"height":683},{"@type":"BreadcrumbList","@id":"https:\/\/nutspyha.fi\/en\/crew\/#breadcrumb","itemListElement":[{"@type":"ListItem","position":1,"name":"Etusivu","item":"https:\/\/nutspyha.fi\/en\/"},{"@type":"ListItem","position":2,"name":"Guidelines for Support Crews"}]},{"@type":"WebSite","@id":"https:\/\/nutspyha.fi\/en\/#website","url":"https:\/\/nutspyha.fi\/en\/","name":"NUTS Pyh\u00e4 -polkujuoksu","description":"Polkujuoksu 10 km, 21 km ja 43 km Pyh\u00e4\u2013Luoston kansallispuistossa","publisher":{"@id":"https:\/\/nutspyha.fi\/en\/#organization"},"potentialAction":[{"@type":"SearchAction","target":{"@type":"EntryPoint","urlTemplate":"https:\/\/nutspyha.fi\/en\/?s={search_term_string}"},"query-input":{"@type":"PropertyValueSpecification","valueRequired":true,"valueName":"search_term_string"}}],"inLanguage":"en-US"},{"@type":"Organization","@id":"https:\/\/nutspyha.fi\/en\/#organization","name":"NUTS Pyh\u00e4 -polkujuoksu","url":"https:\/\/nutspyha.fi\/en\/","logo":{"@type":"ImageObject","inLanguage":"en-US","@id":"https:\/\/nutspyha.fi\/en\/#\/schema\/logo\/image\/","url":"https:\/\/media.nuts.fi\/wp-content\/uploads\/sites\/8\/2025\/01\/28141552\/nuts-pyha-white.svg","contentUrl":"https:\/\/media.nuts.fi\/wp-content\/uploads\/sites\/8\/2025\/01\/28141552\/nuts-pyha-white.svg","caption":"NUTS Pyh\u00e4 -polkujuoksu"},"image":{"@id":"https:\/\/nutspyha.fi\/en\/#\/schema\/logo\/image\/"}}]}},"taxonomy_info":[],"featured_image_src_large":["https:\/\/media.nuts.fi\/wp-content\/uploads\/sites\/8\/2024\/07\/28141559\/NUTS-Pyha23-Tapahtumakuvat-Rami-Valonen-31.jpg",1024,683,false],"author_info":{"display_name":"NUTS","author_link":"https:\/\/nutspyha.fi\/en\/author\/user\/"},"comment_info":0,"_links":{"self":[{"href":"https:\/\/nutspyha.fi\/en\/wp-json\/wp\/v2\/pages\/1722","targetHints":{"allow":["GET"]}}],"collection":[{"href":"https:\/\/nutspyha.fi\/en\/wp-json\/wp\/v2\/pages"}],"about":[{"href":"https:\/\/nutspyha.fi\/en\/wp-json\/wp\/v2\/types\/page"}],"author":[{"embeddable":true,"href":"https:\/\/nutspyha.fi\/en\/wp-json\/wp\/v2\/users\/1"}],"replies":[{"embeddable":true,"href":"https:\/\/nutspyha.fi\/en\/wp-json\/wp\/v2\/comments?post=1722"}],"version-history":[{"count":7,"href":"https:\/\/nutspyha.fi\/en\/wp-json\/wp\/v2\/pages\/1722\/revisions"}],"predecessor-version":[{"id":2402,"href":"https:\/\/nutspyha.fi\/en\/wp-json\/wp\/v2\/pages\/1722\/revisions\/2402"}],"wp:featuredmedia":[{"embeddable":true,"href":"https:\/\/nutspyha.fi\/en\/wp-json\/wp\/v2\/media\/1913"}],"wp:attachment":[{"href":"https:\/\/nutspyha.fi\/en\/wp-json\/wp\/v2\/media?parent=1722"}],"curies":[{"name":"wp","href":"https:\/\/api.w.org\/{rel}","templated":true}]}}