{"id":32,"date":"2017-12-11T21:06:42","date_gmt":"2017-12-11T19:06:42","guid":{"rendered":"http:\/\/tunturimaraton.com\/?page_id=32"},"modified":"2026-03-25T10:50:28","modified_gmt":"2026-03-25T10:50:28","slug":"kannustajille","status":"publish","type":"page","link":"https:\/\/nutspyha.fi\/fi\/kannustajille\/","title":{"rendered":"Ohjeet kannustusjoukoille"},"content":{"rendered":"\n<p>NUTS Pyh\u00e4n tapahtumakeskus sijaitsee Hotelli Pyh\u00e4tunturin pihapiiriss\u00e4.<strong> Hotellin edess\u00e4 on rajatusti parkkitilaa<\/strong>, jonka vuoksi suosittelemme omalla autolla tullessa parkkeeraamaan auton Luontokeskus Naavan tai Polarrinne Parking -pys\u00e4k\u00f6intialueelle ja<strong> k\u00e4ytt\u00e4m\u00e4\u00e4n NUTS Shuttle bussi kuljetusta. <\/strong> Pyh\u00e4tunturilla majoittuvien toivotaan saapuvan tapahtuma-alueelle jalan tai py\u00f6r\u00e4ll\u00e4 rajallisten pys\u00e4k\u00f6intimahdollisuuksien vuoksi.<\/p>\n\n\n\n<h2 class=\"wp-block-heading\">\ud83d\ude8c NUTS SHUTTLE-BUSSI<\/h2>\n\n\n\n<div class=\"wp-block-columns is-layout-flex wp-container-core-columns-is-layout-9d6595d7 wp-block-columns-is-layout-flex\">\n<div class=\"wp-block-column is-layout-flow wp-block-column-is-layout-flow\">\n<h3 class=\"wp-block-heading\">NonStop Bussikuljetus perjantaina &amp; lauantaina<\/h3>\n\n\n\n<p>Opaskeskus Naava &#8211; Pyh\u00e4tunturin Piha<br>Kutilan Liikenteen NonStop bussikuljetus kuljettaa sinut Luontokeskus Naavan \/ Polarrinne Parking -pys\u00e4k\u00f6inti alueelta aivan tapahtuma-alueen tuntumaan &amp; takaisin. <\/p>\n\n\n\n<p><strong>\ud83e\udded 7.8.2026 kuljetus 17:00 &#8211; 22:00<br>\ud83e\udded 8.8.2026 kuljetus 7:30 &#8211; 18:00<\/strong><\/p>\n\n\n\n<div class=\"wp-block-buttons is-layout-flex wp-block-buttons-is-layout-flex\">\n<div class=\"wp-block-button\"><a class=\"wp-block-button__link wp-element-button\" href=\"https:\/\/nutspyha.fi\/fi\/pyhalle\/\">Saapuminen &amp; Liikkuminen<\/a><\/div>\n<\/div>\n<\/div>\n\n\n\n<div class=\"wp-block-column is-layout-flow wp-block-column-is-layout-flow\">\n<figure class=\"wp-block-image size-large\"><img loading=\"lazy\" decoding=\"async\" width=\"1024\" height=\"715\" src=\"https:\/\/media.nuts.fi\/wp-content\/uploads\/sites\/8\/2026\/03\/25065349\/Kutila-logo-e1774421652316-1024x715.jpg\" alt=\"\" class=\"wp-image-2376\" srcset=\"https:\/\/media.nuts.fi\/wp-content\/uploads\/sites\/8\/2026\/03\/25065349\/Kutila-logo-e1774421652316-1024x715.jpg 1024w, https:\/\/media.nuts.fi\/wp-content\/uploads\/sites\/8\/2026\/03\/25065349\/Kutila-logo-e1774421652316-300x209.jpg 300w, https:\/\/media.nuts.fi\/wp-content\/uploads\/sites\/8\/2026\/03\/25065349\/Kutila-logo-e1774421652316-768x536.jpg 768w, https:\/\/media.nuts.fi\/wp-content\/uploads\/sites\/8\/2026\/03\/25065349\/Kutila-logo-e1774421652316.jpg 1533w\" sizes=\"auto, (max-width: 1024px) 100vw, 1024px\" \/><\/figure>\n<\/div>\n<\/div>\n\n\n\n<h2 class=\"wp-block-heading\">Hyvi\u00e4 paikkoja juoksijoiden kannustamiseen:<\/h2>\n\n\n\n<h3 class=\"wp-block-heading\">\ud83d\udea1 Pyh\u00e4n Maisemahissi \ud83d\udea1<\/h3>\n\n\n\n<p>Pyh\u00e4n maisemahissi vie helposti tunturin huipulle my\u00f6s ilman juoksukenki\u00e4. Paras paikka kannustaa juoksijoita on huikeilla maisemilla kruunattu loppusuora huipulla, josta l\u00f6yd\u00e4t my\u00f6s Ravintola Tsokan sek\u00e4 Pyh\u00e4 Dreams viinibaarin.<\/p>\n\n\n\n<p>Maisemahissi on auki tapahtuman aikana klo 10.30 &#8211; 17.00. Liput ovat myynniss\u00e4 automaatissa hissin ala-asemalla (vain korttimaksut). K\u00e4teisell\u00e4 lippuja voi ostaa Hotelli Pyh\u00e4tunturin vastaanotosta sek\u00e4 Pyh\u00e4 Storesta aukioloaikojen puitteissa. Lue lis\u00e4\u00e4\u00a0<a href=\"https:\/\/www.pyha.fi\/fi\/tapahtumat\/kesan-maisemahissi\" target=\"_blank\" rel=\"noreferrer noopener\">t\u00e4\u00e4lt\u00e4<\/a>.<br><br>Huomioithan, ett\u00e4 hissi voi olla suljettuna esimerkiksi kovalla tuulella tai ukkosella.<\/p>\n\n\n\n<h3 class=\"wp-block-heading\">\ud83c\udf04 Kultakeron huippu<\/h3>\n\n\n\n<p>Kultakeron huipulle p\u00e4\u00e4see maisemahissill\u00e4 (Pyh\u00e4 Express), ja sielt\u00e4 avautuvat upeat maisemat kaikkiin ilmansuuntiin. Juoksijat kapuavat viimeisen uuvuttavan nousun juuri Kultakeron huipulle, joten kannustukselle on siell\u00e4 varmasti tarvetta. Aikataulut ja liput l\u00f6ytyv\u00e4t <a href=\"https:\/\/www.pyha.fi\/fi\/tapahtumat\/kesan-maisemahissi\">t\u00e4\u00e4lt\u00e4<\/a>.<\/p>\n\n\n\n<h3 class=\"wp-block-heading\">\u26fa Karhunjuomalampi<\/h3>\n\n\n\n<p>Juoksijat ohittavat Karhunjuomalammen kahteen kertaan, mik\u00e4 tekee siit\u00e4 erinomaisen paikan kannustamiseen. Samalla reissulla voit k\u00e4yd\u00e4 katsomassa my\u00f6s Suomen syvimm\u00e4n tunturikurun (Isokuru), Pyh\u00e4nkasteen putouksen sek\u00e4 Uhriharjun, jotka ovat Pyh\u00e4n kansallispuiston suosituimpia n\u00e4ht\u00e4vyyksi\u00e4. <\/p>\n\n\n\n<h3 class=\"wp-block-heading\">\u26fa Huttuloma<\/h3>\n\n\n\n<p>Tunturimaratonin juoksijat menev\u00e4t Huttuloman ohi kahteen kertaan, ja Tunturipuolikkaan juoksijat k\u00e4\u00e4ntyv\u00e4t takaisin kohti maalia Huttulomassa. Huttulomaan p\u00e4\u00e4set omalla kyydill\u00e4 ajamalla Huttuj\u00e4rventiet\u00e4 (k\u00e4\u00e4ntyy Luoston tielt\u00e4) kansallispuiston rajalle, josta matka jatkuu k\u00e4vellen, juosten tai py\u00f6r\u00e4ll\u00e4 reilun kilometrin verran Huttuloman autiotuvalle. <\/p>\n\n\n\n<p><strong>Huomioi, ett\u00e4 tie Huttulomalle on todella kapea ja huonokuntoinen. Mik\u00e4li haluat menn\u00e4 kannustamaan Huttulomalle, suosittelemme menem\u00e4\u00e4n py\u00f6r\u00e4ll\u00e4. Tievarsille pys\u00e4k\u00f6inti ehdottomasti kielletty!<\/strong> <strong>Pelastustie on ehdottomasti pidett\u00e4v\u00e4 avoinna. <\/strong><\/p>\n\n\n\n<h2 class=\"wp-block-heading\">\ud83d\udca1 Lis\u00e4\u00e4 vinkkej\u00e4 kannustajille<\/h2>\n\n\n\n<h3 class=\"wp-block-heading\">\ud83d\udcf7 Kuvauspisteet ja ev\u00e4\u00e4t mukaan <\/h3>\n\n\n\n<p>Ota kamera mukaan ja ikuista juoksijoiden ilmeet ja el\u00e4mykset. Pakkaa my\u00f6s omat ev\u00e4\u00e4t ja juotavaa, sill\u00e4 reitin varrella ei ole palveluita.<\/p>\n\n\n\n<h3 class=\"wp-block-heading\">\ud83d\udccd Tapahtuman seuraaminen ja reaaliaikainen tulospalvelu <\/h3>\n\n\n\n<p>Seuraa tapahtumaa ja juoksijoiden edistymist\u00e4 reaaliaikaisesti tulospalvelun kautta. Voit kannustaa juoksijoita oikealla hetkell\u00e4 ja tiet\u00e4\u00e4, milloin he ovat l\u00e4hestym\u00e4ss\u00e4 sinua.<\/p>\n\n\n\n<h3 class=\"wp-block-heading\">\ud83d\udcaa Kannustuskyltit ja -huudot <\/h3>\n\n\n\n<p>Tee kannustuskylttej\u00e4 ja valmistaudu kannustamaan juoksijoita \u00e4\u00e4nekk\u00e4\u00e4sti. He arvostavat jokaista rohkaisun sanaa, erityisesti vaativilla nousuilla ja laskuilla.<\/p>\n\n\n\n<h3 class=\"wp-block-heading\">\ud83e\udd1d Yhteis\u00f6llisyys ja tunnelma <\/h3>\n\n\n\n<p>Kannustaminen on my\u00f6s yhteis\u00f6llinen kokemus. Tule mukaan nauttimaan tapahtuman tunnelmasta muiden kannustajien kanssa. Voit jakaa kokemuksia ja nauttia luonnon kauneudesta yhdess\u00e4.<\/p>\n","protected":false},"excerpt":{"rendered":"<p>NUTS Pyh\u00e4n tapahtumakeskus sijaitsee Hotelli Pyh\u00e4tunturin pihapiiriss\u00e4. Hotellin edess\u00e4 on rajatusti parkkitilaa, jonka vuoksi suosittelemme omalla autolla tullessa parkkeeraamaan auton Luontokeskus Naavan tai Polarrinne Parking -pys\u00e4k\u00f6intialueelle ja k\u00e4ytt\u00e4m\u00e4\u00e4n NUTS Shuttle bussi kuljetusta. Pyh\u00e4tunturilla majoittuvien toivotaan saapuvan tapahtuma-alueelle jalan tai py\u00f6r\u00e4ll\u00e4 rajallisten pys\u00e4k\u00f6intimahdollisuuksien vuoksi. \ud83d\ude8c NUTS SHUTTLE-BUSSI NonStop Bussikuljetus perjantaina &amp; lauantaina Opaskeskus Naava &#8211; Pyh\u00e4tunturin&#8230;<\/p>\n","protected":false},"author":1,"featured_media":1537,"parent":0,"menu_order":0,"comment_status":"closed","ping_status":"closed","template":"","meta":{"_kad_blocks_custom_css":"","_kad_blocks_head_custom_js":"","_kad_blocks_body_custom_js":"","_kad_blocks_footer_custom_js":"","_kad_post_transparent":"","_kad_post_title":"","_kad_post_layout":"","_kad_post_sidebar_id":"","_kad_post_content_style":"","_kad_post_vertical_padding":"hide","_kad_post_feature":"","_kad_post_feature_position":"","_kad_post_header":false,"_kad_post_footer":false,"_kad_post_classname":"","footnotes":""},"class_list":["post-32","page","type-page","status-publish","has-post-thumbnail","hentry"],"yoast_head":"<!-- This site is optimized with the Yoast SEO plugin v26.8 - https:\/\/yoast.com\/product\/yoast-seo-wordpress\/ -->\n<title>Ohjeet kannustusjoukoille - NUTS Pyh\u00e4 -polkujuoksu<\/title>\n<meta name=\"robots\" content=\"index, follow, max-snippet:-1, max-image-preview:large, max-video-preview:-1\" \/>\n<link rel=\"canonical\" href=\"https:\/\/nutspyha.fi\/fi\/kannustajille\/\" \/>\n<meta property=\"og:locale\" content=\"fi_FI\" \/>\n<meta property=\"og:type\" content=\"article\" \/>\n<meta property=\"og:title\" content=\"Ohjeet kannustusjoukoille - NUTS Pyh\u00e4 -polkujuoksu\" \/>\n<meta property=\"og:description\" content=\"NUTS Pyh\u00e4n tapahtumakeskus sijaitsee Hotelli Pyh\u00e4tunturin pihapiiriss\u00e4. Hotellin edess\u00e4 on rajatusti parkkitilaa, jonka vuoksi suosittelemme omalla autolla tullessa parkkeeraamaan auton Luontokeskus Naavan tai Polarrinne Parking -pys\u00e4k\u00f6intialueelle ja k\u00e4ytt\u00e4m\u00e4\u00e4n NUTS Shuttle bussi kuljetusta. Pyh\u00e4tunturilla majoittuvien toivotaan saapuvan tapahtuma-alueelle jalan tai py\u00f6r\u00e4ll\u00e4 rajallisten pys\u00e4k\u00f6intimahdollisuuksien vuoksi. \ud83d\ude8c NUTS SHUTTLE-BUSSI NonStop Bussikuljetus perjantaina &amp; lauantaina Opaskeskus Naava &#8211; Pyh\u00e4tunturin...\" \/>\n<meta property=\"og:url\" content=\"https:\/\/nutspyha.fi\/fi\/kannustajille\/\" \/>\n<meta property=\"og:site_name\" content=\"NUTS Pyh\u00e4 -polkujuoksu\" \/>\n<meta property=\"article:modified_time\" content=\"2026-03-25T10:50:28+00:00\" \/>\n<meta property=\"og:image\" content=\"https:\/\/media.nuts.fi\/wp-content\/uploads\/sites\/8\/2024\/07\/28141559\/NUTS-Pyha23-Tapahtumakuvat-Rami-Valonen-31.jpg\" \/>\n\t<meta property=\"og:image:width\" content=\"1024\" \/>\n\t<meta property=\"og:image:height\" content=\"683\" \/>\n\t<meta property=\"og:image:type\" content=\"image\/jpeg\" \/>\n<meta name=\"twitter:card\" content=\"summary_large_image\" \/>\n<meta name=\"twitter:label1\" content=\"Arvioitu lukuaika\" \/>\n\t<meta name=\"twitter:data1\" content=\"3 minuuttia\" \/>\n<script type=\"application\/ld+json\" class=\"yoast-schema-graph\">{\"@context\":\"https:\/\/schema.org\",\"@graph\":[{\"@type\":\"WebPage\",\"@id\":\"https:\/\/nutspyha.fi\/fi\/kannustajille\/\",\"url\":\"https:\/\/nutspyha.fi\/fi\/kannustajille\/\",\"name\":\"Ohjeet kannustusjoukoille - NUTS Pyh\u00e4 -polkujuoksu\",\"isPartOf\":{\"@id\":\"https:\/\/nutspyha.fi\/fi\/#website\"},\"primaryImageOfPage\":{\"@id\":\"https:\/\/nutspyha.fi\/fi\/kannustajille\/#primaryimage\"},\"image\":{\"@id\":\"https:\/\/nutspyha.fi\/fi\/kannustajille\/#primaryimage\"},\"thumbnailUrl\":\"https:\/\/media.nuts.fi\/wp-content\/uploads\/sites\/8\/2024\/07\/28141559\/NUTS-Pyha23-Tapahtumakuvat-Rami-Valonen-31.jpg\",\"datePublished\":\"2017-12-11T19:06:42+00:00\",\"dateModified\":\"2026-03-25T10:50:28+00:00\",\"breadcrumb\":{\"@id\":\"https:\/\/nutspyha.fi\/fi\/kannustajille\/#breadcrumb\"},\"inLanguage\":\"fi\",\"potentialAction\":[{\"@type\":\"ReadAction\",\"target\":[\"https:\/\/nutspyha.fi\/fi\/kannustajille\/\"]}]},{\"@type\":\"ImageObject\",\"inLanguage\":\"fi\",\"@id\":\"https:\/\/nutspyha.fi\/fi\/kannustajille\/#primaryimage\",\"url\":\"https:\/\/media.nuts.fi\/wp-content\/uploads\/sites\/8\/2024\/07\/28141559\/NUTS-Pyha23-Tapahtumakuvat-Rami-Valonen-31.jpg\",\"contentUrl\":\"https:\/\/media.nuts.fi\/wp-content\/uploads\/sites\/8\/2024\/07\/28141559\/NUTS-Pyha23-Tapahtumakuvat-Rami-Valonen-31.jpg\",\"width\":1024,\"height\":683},{\"@type\":\"BreadcrumbList\",\"@id\":\"https:\/\/nutspyha.fi\/fi\/kannustajille\/#breadcrumb\",\"itemListElement\":[{\"@type\":\"ListItem\",\"position\":1,\"name\":\"Etusivu\",\"item\":\"https:\/\/nutspyha.fi\/fi\/\"},{\"@type\":\"ListItem\",\"position\":2,\"name\":\"Ohjeet kannustusjoukoille\"}]},{\"@type\":\"WebSite\",\"@id\":\"https:\/\/nutspyha.fi\/fi\/#website\",\"url\":\"https:\/\/nutspyha.fi\/fi\/\",\"name\":\"NUTS Pyh\u00e4 -polkujuoksu\",\"description\":\"Polkujuoksu 10 km, 21 km ja 43 km Pyh\u00e4\u2013Luoston kansallispuistossa\",\"publisher\":{\"@id\":\"https:\/\/nutspyha.fi\/fi\/#organization\"},\"potentialAction\":[{\"@type\":\"SearchAction\",\"target\":{\"@type\":\"EntryPoint\",\"urlTemplate\":\"https:\/\/nutspyha.fi\/fi\/?s={search_term_string}\"},\"query-input\":{\"@type\":\"PropertyValueSpecification\",\"valueRequired\":true,\"valueName\":\"search_term_string\"}}],\"inLanguage\":\"fi\"},{\"@type\":\"Organization\",\"@id\":\"https:\/\/nutspyha.fi\/fi\/#organization\",\"name\":\"NUTS Pyh\u00e4 -polkujuoksu\",\"url\":\"https:\/\/nutspyha.fi\/fi\/\",\"logo\":{\"@type\":\"ImageObject\",\"inLanguage\":\"fi\",\"@id\":\"https:\/\/nutspyha.fi\/fi\/#\/schema\/logo\/image\/\",\"url\":\"https:\/\/media.nuts.fi\/wp-content\/uploads\/sites\/8\/2025\/01\/28141552\/nuts-pyha-white.svg\",\"contentUrl\":\"https:\/\/media.nuts.fi\/wp-content\/uploads\/sites\/8\/2025\/01\/28141552\/nuts-pyha-white.svg\",\"caption\":\"NUTS Pyh\u00e4 -polkujuoksu\"},\"image\":{\"@id\":\"https:\/\/nutspyha.fi\/fi\/#\/schema\/logo\/image\/\"}}]}<\/script>\n<!-- \/ Yoast SEO plugin. -->","yoast_head_json":{"title":"Ohjeet kannustusjoukoille - NUTS Pyh\u00e4 -polkujuoksu","robots":{"index":"index","follow":"follow","max-snippet":"max-snippet:-1","max-image-preview":"max-image-preview:large","max-video-preview":"max-video-preview:-1"},"canonical":"https:\/\/nutspyha.fi\/fi\/kannustajille\/","og_locale":"fi_FI","og_type":"article","og_title":"Ohjeet kannustusjoukoille - NUTS Pyh\u00e4 -polkujuoksu","og_description":"NUTS Pyh\u00e4n tapahtumakeskus sijaitsee Hotelli Pyh\u00e4tunturin pihapiiriss\u00e4. Hotellin edess\u00e4 on rajatusti parkkitilaa, jonka vuoksi suosittelemme omalla autolla tullessa parkkeeraamaan auton Luontokeskus Naavan tai Polarrinne Parking -pys\u00e4k\u00f6intialueelle ja k\u00e4ytt\u00e4m\u00e4\u00e4n NUTS Shuttle bussi kuljetusta. Pyh\u00e4tunturilla majoittuvien toivotaan saapuvan tapahtuma-alueelle jalan tai py\u00f6r\u00e4ll\u00e4 rajallisten pys\u00e4k\u00f6intimahdollisuuksien vuoksi. \ud83d\ude8c NUTS SHUTTLE-BUSSI NonStop Bussikuljetus perjantaina &amp; lauantaina Opaskeskus Naava &#8211; Pyh\u00e4tunturin...","og_url":"https:\/\/nutspyha.fi\/fi\/kannustajille\/","og_site_name":"NUTS Pyh\u00e4 -polkujuoksu","article_modified_time":"2026-03-25T10:50:28+00:00","og_image":[{"width":1024,"height":683,"url":"https:\/\/media.nuts.fi\/wp-content\/uploads\/sites\/8\/2024\/07\/28141559\/NUTS-Pyha23-Tapahtumakuvat-Rami-Valonen-31.jpg","type":"image\/jpeg"}],"twitter_card":"summary_large_image","twitter_misc":{"Arvioitu lukuaika":"3 minuuttia"},"schema":{"@context":"https:\/\/schema.org","@graph":[{"@type":"WebPage","@id":"https:\/\/nutspyha.fi\/fi\/kannustajille\/","url":"https:\/\/nutspyha.fi\/fi\/kannustajille\/","name":"Ohjeet kannustusjoukoille - NUTS Pyh\u00e4 -polkujuoksu","isPartOf":{"@id":"https:\/\/nutspyha.fi\/fi\/#website"},"primaryImageOfPage":{"@id":"https:\/\/nutspyha.fi\/fi\/kannustajille\/#primaryimage"},"image":{"@id":"https:\/\/nutspyha.fi\/fi\/kannustajille\/#primaryimage"},"thumbnailUrl":"https:\/\/media.nuts.fi\/wp-content\/uploads\/sites\/8\/2024\/07\/28141559\/NUTS-Pyha23-Tapahtumakuvat-Rami-Valonen-31.jpg","datePublished":"2017-12-11T19:06:42+00:00","dateModified":"2026-03-25T10:50:28+00:00","breadcrumb":{"@id":"https:\/\/nutspyha.fi\/fi\/kannustajille\/#breadcrumb"},"inLanguage":"fi","potentialAction":[{"@type":"ReadAction","target":["https:\/\/nutspyha.fi\/fi\/kannustajille\/"]}]},{"@type":"ImageObject","inLanguage":"fi","@id":"https:\/\/nutspyha.fi\/fi\/kannustajille\/#primaryimage","url":"https:\/\/media.nuts.fi\/wp-content\/uploads\/sites\/8\/2024\/07\/28141559\/NUTS-Pyha23-Tapahtumakuvat-Rami-Valonen-31.jpg","contentUrl":"https:\/\/media.nuts.fi\/wp-content\/uploads\/sites\/8\/2024\/07\/28141559\/NUTS-Pyha23-Tapahtumakuvat-Rami-Valonen-31.jpg","width":1024,"height":683},{"@type":"BreadcrumbList","@id":"https:\/\/nutspyha.fi\/fi\/kannustajille\/#breadcrumb","itemListElement":[{"@type":"ListItem","position":1,"name":"Etusivu","item":"https:\/\/nutspyha.fi\/fi\/"},{"@type":"ListItem","position":2,"name":"Ohjeet kannustusjoukoille"}]},{"@type":"WebSite","@id":"https:\/\/nutspyha.fi\/fi\/#website","url":"https:\/\/nutspyha.fi\/fi\/","name":"NUTS Pyh\u00e4 -polkujuoksu","description":"Polkujuoksu 10 km, 21 km ja 43 km Pyh\u00e4\u2013Luoston kansallispuistossa","publisher":{"@id":"https:\/\/nutspyha.fi\/fi\/#organization"},"potentialAction":[{"@type":"SearchAction","target":{"@type":"EntryPoint","urlTemplate":"https:\/\/nutspyha.fi\/fi\/?s={search_term_string}"},"query-input":{"@type":"PropertyValueSpecification","valueRequired":true,"valueName":"search_term_string"}}],"inLanguage":"fi"},{"@type":"Organization","@id":"https:\/\/nutspyha.fi\/fi\/#organization","name":"NUTS Pyh\u00e4 -polkujuoksu","url":"https:\/\/nutspyha.fi\/fi\/","logo":{"@type":"ImageObject","inLanguage":"fi","@id":"https:\/\/nutspyha.fi\/fi\/#\/schema\/logo\/image\/","url":"https:\/\/media.nuts.fi\/wp-content\/uploads\/sites\/8\/2025\/01\/28141552\/nuts-pyha-white.svg","contentUrl":"https:\/\/media.nuts.fi\/wp-content\/uploads\/sites\/8\/2025\/01\/28141552\/nuts-pyha-white.svg","caption":"NUTS Pyh\u00e4 -polkujuoksu"},"image":{"@id":"https:\/\/nutspyha.fi\/fi\/#\/schema\/logo\/image\/"}}]}},"taxonomy_info":[],"featured_image_src_large":["https:\/\/media.nuts.fi\/wp-content\/uploads\/sites\/8\/2024\/07\/28141559\/NUTS-Pyha23-Tapahtumakuvat-Rami-Valonen-31.jpg",1024,683,false],"author_info":{"display_name":"NUTS","author_link":"https:\/\/nutspyha.fi\/fi\/author\/user\/"},"comment_info":0,"_links":{"self":[{"href":"https:\/\/nutspyha.fi\/fi\/wp-json\/wp\/v2\/pages\/32","targetHints":{"allow":["GET"]}}],"collection":[{"href":"https:\/\/nutspyha.fi\/fi\/wp-json\/wp\/v2\/pages"}],"about":[{"href":"https:\/\/nutspyha.fi\/fi\/wp-json\/wp\/v2\/types\/page"}],"author":[{"embeddable":true,"href":"https:\/\/nutspyha.fi\/fi\/wp-json\/wp\/v2\/users\/1"}],"replies":[{"embeddable":true,"href":"https:\/\/nutspyha.fi\/fi\/wp-json\/wp\/v2\/comments?post=32"}],"version-history":[{"count":12,"href":"https:\/\/nutspyha.fi\/fi\/wp-json\/wp\/v2\/pages\/32\/revisions"}],"predecessor-version":[{"id":2383,"href":"https:\/\/nutspyha.fi\/fi\/wp-json\/wp\/v2\/pages\/32\/revisions\/2383"}],"wp:featuredmedia":[{"embeddable":true,"href":"https:\/\/nutspyha.fi\/fi\/wp-json\/wp\/v2\/media\/1537"}],"wp:attachment":[{"href":"https:\/\/nutspyha.fi\/fi\/wp-json\/wp\/v2\/media?parent=32"}],"curies":[{"name":"wp","href":"https:\/\/api.w.org\/{rel}","templated":true}]}}