{"id":370,"date":"2018-12-06T12:35:07","date_gmt":"2018-12-06T10:35:07","guid":{"rendered":"http:\/\/tunturimaraton.fi\/?page_id=370"},"modified":"2026-04-01T09:06:17","modified_gmt":"2026-04-01T09:06:17","slug":"43km","status":"publish","type":"page","link":"https:\/\/nutspyha.fi\/fi\/matkat\/43km\/","title":{"rendered":"43 km"},"content":{"rendered":"<script type=\"text\/javascript\" src=\"https:\/\/api-oa.com\/jscr\/loader.js?id=dc6nqe&lang=fi\" data-dp=\"806567070\"><\/script>\n\n\n\n<p><strong>Reitill\u00e4 on 3 huoltopistett\u00e4:<\/strong><br>\u26fa\ufe0f Karhunjuomalampi<br>\u26fa\ufe0f Huttuloman autiotupa\u00a0<br>\u26fa\ufe0f Latvavaara<\/p>\n\n\n\n<h3 class=\"wp-block-heading\"><strong>&#8221;OSITTAIN ITSE HUOLETTU&#8221; &#8211; kilpailu<\/strong><\/h3>\n\n\n\n<p><span style=\"font-weight: 400\">Kilpailu on tyypilt\u00e4\u00e4n <strong>\u201cosittain itse huollettu\u201d<\/strong>. Osanottajat kantavat mukanaan ev\u00e4\u00e4ns\u00e4 ja huoltopisteiden v\u00e4lill\u00e4 tarvitsemansa juoman. <\/span><br>\u26a0\ufe0f <span style=\"font-weight: 400\"><strong>Ulkopuolinen huolto on sallittu vain kilpailun virallisilla huoltopisteill\u00e4<\/strong>. (Karhunjuomalampi, Huttuloma, Latvavaara). <\/span><\/p>\n\n\n\n<p><strong><a href=\"https:\/\/nutspyha.fi\/fi\/info\/\">Tutustu tapahtumaohjeisiin t\u00e4\u00e4ll\u00e4!<\/a><\/strong><\/p>\n\n\n<style>.wp-block-kadence-advancedbtn.kb-btns370_5614a8-22{gap:var(--global-kb-gap-xs, 0.5rem );justify-content:flex-start;align-items:center;}.kt-btns370_5614a8-22 .kt-button{font-weight:normal;font-style:normal;}.kt-btns370_5614a8-22 .kt-btn-wrap-0{margin-right:5px;}.wp-block-kadence-advancedbtn.kt-btns370_5614a8-22 .kt-btn-wrap-0 .kt-button{color:#555555;border-color:#555555;}.wp-block-kadence-advancedbtn.kt-btns370_5614a8-22 .kt-btn-wrap-0 .kt-button:hover, .wp-block-kadence-advancedbtn.kt-btns370_5614a8-22 .kt-btn-wrap-0 .kt-button:focus{color:#ffffff;border-color:#444444;}.wp-block-kadence-advancedbtn.kt-btns370_5614a8-22 .kt-btn-wrap-0 .kt-button::before{display:none;}.wp-block-kadence-advancedbtn.kt-btns370_5614a8-22 .kt-btn-wrap-0 .kt-button:hover, .wp-block-kadence-advancedbtn.kt-btns370_5614a8-22 .kt-btn-wrap-0 .kt-button:focus{background:#444444;}<\/style>\n<div class=\"wp-block-kadence-advancedbtn kb-buttons-wrap kb-btns370_5614a8-22\"><style>ul.menu .wp-block-kadence-advancedbtn .kb-btn370_abbbd2-7f.kb-button{width:initial;}<\/style><a class=\"kb-button kt-button button kb-btn370_abbbd2-7f kt-btn-size-large kt-btn-width-type-auto kb-btn-global-fill  kt-btn-has-text-true kt-btn-has-svg-false  wp-block-kadence-singlebtn\" href=\"\/fi\/ilmoittaudu\/\"><span class=\"kt-btn-inner-text\">Tule mukaan \ud83d\udd25 &gt;<\/span><\/a><\/div>\n\n\n\n<h2 class=\"wp-block-heading\">Matkat<\/h2>\n\n\n<style>.kt-post-loop2095_61e6db-0d .kadence-post-image{padding-top:0px;padding-right:0px;padding-bottom:0px;padding-left:0px;}.kt-post-loop2095_61e6db-0d .kt-post-grid-wrap{gap:30px 10px;}.kt-post-loop2095_61e6db-0d .kt-blocks-post-grid-item{border-top-left-radius:0px;border-top-right-radius:0px;border-bottom-right-radius:0px;border-bottom-left-radius:0px;border-top-color:currentColor;border-top-style:solid;border-right-color:currentColor;border-right-style:solid;border-bottom-color:currentColor;border-bottom-style:solid;border-left-color:currentColor;border-left-style:solid;overflow:hidden;}.kt-post-loop2095_61e6db-0d .kt-blocks-post-grid-item .kt-blocks-post-grid-item-inner{padding-top:0px;padding-right:30px;padding-bottom:0px;padding-left:30px;}.kt-post-loop2095_61e6db-0d .kt-blocks-post-grid-item header{padding-top:0px;padding-right:15px;padding-bottom:10px;padding-left:15px;margin-top:-30px;margin-right:0px;margin-bottom:0px;margin-left:0px;background-color:#ffffff;}.kt-post-loop2095_61e6db-0d .kt-blocks-post-grid-item .entry-title{padding-top:10px;padding-right:0px;padding-bottom:5px;padding-left:0px;margin-top:0px;margin-right:0px;margin-bottom:0px;margin-left:0px;font-size:28px;line-height:40px;}.kt-post-loop2095_61e6db-0d .entry-content{padding-top:0px;padding-right:15px;padding-bottom:0px;padding-left:15px;margin-top:0px;margin-right:0px;margin-bottom:0px;margin-left:0px;}.kt-post-loop2095_61e6db-0d .kt-blocks-post-footer{border-top-width:0px;border-right-width:0px;border-bottom-width:0px;border-left-width:0px;padding-top:0px;padding-right:15px;padding-bottom:5px;padding-left:15px;margin-top:0px;margin-right:0px;margin-bottom:0px;margin-left:0px;}.kt-post-loop2095_61e6db-0d .entry-content:after{height:0px;}.kt-post-loop2095_61e6db-0d .entry-content .kt-blocks-post-readmore{background-color:#ffffff;border-color:#333333;color:#333333;border-width:1px;padding-top:5px;padding-right:16px;padding-bottom:5px;padding-left:16px;margin-top:0px;margin-right:0px;margin-bottom:0px;margin-left:0px;}.kt-post-loop2095_61e6db-0d .entry-content .kt-blocks-post-readmore:hover{color:#ffffff;border-color:#333333;background-color:#333333;}.kt-post-loop2095_61e6db-0d .kb-filter-item{border-top-width:0px;border-right-width:0px;border-bottom-width:2px;border-left-width:0px;padding-top:5px;padding-right:8px;padding-bottom:5px;padding-left:8px;margin-top:0px;margin-right:10px;margin-bottom:0px;margin-left:0px;}.kt-post-loop2095_61e6db-0d.kt-post-grid-layout-carousel .splide .splide__arrow, .kt-post-loop2095_61e6db-0d.kt-post-grid-layout-carousel .kb-post-grid-pause-button{color:var(--global-palette9, #ffffff);}.kt-post-loop2095_61e6db-0d.kt-post-grid-layout-carousel .splide .splide__arrow:hover, .kt-post-loop2095_61e6db-0d.kt-post-grid-layout-carousel .kb-post-grid-pause-button:hover{color:var(--global-palette8, #F7FAFC);}.kt-post-loop2095_61e6db-0d.kt-post-grid-layout-carousel .splide .splide__arrow:active, .kt-post-loop2095_61e6db-0d.kt-post-grid-layout-carousel .kb-post-grid-pause-button:active{color:var(--global-palette9, #ffffff);}.kt-post-loop2095_61e6db-0d.kt-post-grid-layout-carousel .splide .splide__arrow, .kt-post-loop2095_61e6db-0d.kt-post-grid-layout-carousel .kb-post-grid-pause-button{background-color:var(--global-palette1, #3182CE);}.kt-post-loop2095_61e6db-0d.kt-post-grid-layout-carousel .splide .splide__arrow:hover, .kt-post-loop2095_61e6db-0d.kt-post-grid-layout-carousel .kb-post-grid-pause-button:hover{background-color:var(--global-palette2, #2B6CB0);}.kt-post-loop2095_61e6db-0d.kt-post-grid-layout-carousel .splide .splide__arrow:active, .kt-post-loop2095_61e6db-0d.kt-post-grid-layout-carousel .kb-post-grid-pause-button:active{background-color:var(--global-palette1, #3182CE);}@media all and (max-width: 1024px){.kt-post-loop2095_61e6db-0d .kt-blocks-post-grid-item{border-top-color:currentColor;border-top-style:solid;border-right-color:currentColor;border-right-style:solid;border-bottom-color:currentColor;border-bottom-style:solid;border-left-color:currentColor;border-left-style:solid;}}@media all and (max-width: 767px){.kt-post-loop2095_61e6db-0d .kt-blocks-post-grid-item{border-top-color:currentColor;border-top-style:solid;border-right-color:currentColor;border-right-style:solid;border-bottom-color:currentColor;border-bottom-style:solid;border-left-color:currentColor;border-left-style:solid;}}<\/style><div class=\"wp-block-kadence-postgrid kt-blocks-post-loop-block alignnone kt-post-loop2095_61e6db-0d kt-post-grid-layout-carousel kadence-splide-wrap \"><div class=\"kt-post-grid-layout-carousel-wrap splide kt-carousel-arrowstyle-custom kt-carousel-dotstyle-dark kb-slider-group-arrow kb-slider-arrow-position-center\" data-columns-xxl=\"3\" data-columns-xl=\"3\" data-columns-md=\"3\" data-columns-sm=\"2\" data-columns-xs=\"1\" data-columns-ss=\"1\" data-slider-anim-speed=\"400\" data-slider-scroll=\"1\" data-slider-dots=\"true\" data-slider-arrows=\"true\" data-slider-hover-pause=\"false\" data-slider-auto=\"false\"  data-slider-auto-scroll=\"false\" data-slider-speed=\"7000\" data-slider-gap=\"10\" data-slider-gap-tablet=\"10\" data-slider-gap-mobile=\"10\" data-slider-gap-unit=\"px\" data-show-pause-button=\"false\" data-item-selector=\".kt-post-masonry-item\" aria-label=\"Post Carousel\"><div class=\"kadence-splide-slider-init splide__track\"><ul class=\"kadence-splide-slider-wrap kt-post-grid-wrap\" data-columns-xxl=\"3\" data-columns-xl=\"3\" data-columns-md=\"3\" data-columns-sm=\"2\" data-columns-xs=\"1\" data-columns-ss=\"1\"><li class=\"kt-post-slider-item post-370 page type-page status-publish has-post-thumbnail hentry\"><article class=\"kt-blocks-post-grid-item\"><div class=\"kt-blocks-post-grid-item-inner-wrap kt-feat-image-align-top kt-feat-image-mobile-align-top\"><div class=\"kadence-post-image\"><div class=\"kadence-post-image-intrisic kt-image-ratio-66-67\" style=\"padding-bottom:66.67%;\"><div class=\"kadence-post-image-inner-intrisic\"><a aria-hidden=\"true\" tabindex=\"-1\" role=\"presentation\" href=\"https:\/\/nutspyha.fi\/fi\/matkat\/43km\/\" aria-label=\"43 km\" class=\"kadence-post-image-inner-wrap\"><img loading=\"lazy\" decoding=\"async\" width=\"1024\" height=\"768\" src=\"https:\/\/media.nuts.fi\/wp-content\/uploads\/sites\/8\/2024\/08\/28141557\/NUTS-Pyha23-Tapahtumakuvat-Rami-Valonen-maisemat-8.jpg\" class=\"attachment-large size-large wp-post-image\" alt=\"\" srcset=\"https:\/\/media.nuts.fi\/wp-content\/uploads\/sites\/8\/2024\/08\/28141557\/NUTS-Pyha23-Tapahtumakuvat-Rami-Valonen-maisemat-8.jpg 1024w, https:\/\/media.nuts.fi\/wp-content\/uploads\/sites\/8\/2024\/08\/28141557\/NUTS-Pyha23-Tapahtumakuvat-Rami-Valonen-maisemat-8-300x225.jpg 300w, https:\/\/media.nuts.fi\/wp-content\/uploads\/sites\/8\/2024\/08\/28141557\/NUTS-Pyha23-Tapahtumakuvat-Rami-Valonen-maisemat-8-768x576.jpg 768w\" sizes=\"auto, (max-width: 1024px) 100vw, 1024px\" \/><\/a><\/div><\/div><\/div><div class=\"kt-blocks-post-grid-item-inner\"><header><h2 class=\"entry-title\"><a href=\"https:\/\/nutspyha.fi\/fi\/matkat\/43km\/\">43 km<\/a><\/h2><div class=\"kt-blocks-post-top-meta\"><\/div><\/header><div class=\"entry-content\">Lapin tunturit, kurut ja kivikot! 43 km reitti Pyh\u00e4-Luoston kansallispuiston halki vie yli Noitatunturin ja Laakakeron aina Luoston Kapustalle asti \u2013 paluu huiputtaen Kultakeron!<div class=\"kt-blocks-post-readmore-wrap\"><a class=\"kt-blocks-post-readmore\" href=\"https:\/\/nutspyha.fi\/fi\/matkat\/43km\/\">Tutustu \u203a<span class=\"screen-reader-text\"> 43 km<\/span><\/a><\/div><\/div><footer class=\"kt-blocks-post-footer\"><div class=\"kt-blocks-post-footer-left\"><\/div><div class=\"kt-blocks-post-footer-right\"><\/div><\/footer><\/div><\/div><\/article><\/li><li class=\"kt-post-slider-item post-372 page type-page status-publish has-post-thumbnail hentry\"><article class=\"kt-blocks-post-grid-item\"><div class=\"kt-blocks-post-grid-item-inner-wrap kt-feat-image-align-top kt-feat-image-mobile-align-top\"><div class=\"kadence-post-image\"><div class=\"kadence-post-image-intrisic kt-image-ratio-66-67\" style=\"padding-bottom:66.67%;\"><div class=\"kadence-post-image-inner-intrisic\"><a aria-hidden=\"true\" tabindex=\"-1\" role=\"presentation\" href=\"https:\/\/nutspyha.fi\/fi\/matkat\/21km\/\" aria-label=\"21 km\" class=\"kadence-post-image-inner-wrap\"><img loading=\"lazy\" decoding=\"async\" width=\"1024\" height=\"683\" src=\"https:\/\/media.nuts.fi\/wp-content\/uploads\/sites\/8\/2024\/07\/28141600\/NUTS-Pyha23-Tapahtumakuvat-Rami-Valonen-137.jpg\" class=\"attachment-large size-large wp-post-image\" alt=\"\" srcset=\"https:\/\/media.nuts.fi\/wp-content\/uploads\/sites\/8\/2024\/07\/28141600\/NUTS-Pyha23-Tapahtumakuvat-Rami-Valonen-137.jpg 1024w, https:\/\/media.nuts.fi\/wp-content\/uploads\/sites\/8\/2024\/07\/28141600\/NUTS-Pyha23-Tapahtumakuvat-Rami-Valonen-137-300x200.jpg 300w, https:\/\/media.nuts.fi\/wp-content\/uploads\/sites\/8\/2024\/07\/28141600\/NUTS-Pyha23-Tapahtumakuvat-Rami-Valonen-137-768x512.jpg 768w\" sizes=\"auto, (max-width: 1024px) 100vw, 1024px\" \/><\/a><\/div><\/div><\/div><div class=\"kt-blocks-post-grid-item-inner\"><header><h2 class=\"entry-title\"><a href=\"https:\/\/nutspyha.fi\/fi\/matkat\/21km\/\">21 km<\/a><\/h2><div class=\"kt-blocks-post-top-meta\"><\/div><\/header><div class=\"entry-content\">21 km tunturijuoksua Pyh\u00e4-Luoston kansallispuistossa! Noitatunturi, Peurakero ja Laakakero haastavat, mutta Kultakeron huiputus ja maisemat tekev\u00e4t t\u00e4st\u00e4 unohtumattoman!<div class=\"kt-blocks-post-readmore-wrap\"><a class=\"kt-blocks-post-readmore\" href=\"https:\/\/nutspyha.fi\/fi\/matkat\/21km\/\">Tutustu \u203a<span class=\"screen-reader-text\"> 21 km<\/span><\/a><\/div><\/div><footer class=\"kt-blocks-post-footer\"><div class=\"kt-blocks-post-footer-left\"><\/div><div class=\"kt-blocks-post-footer-right\"><\/div><\/footer><\/div><\/div><\/article><\/li><li class=\"kt-post-slider-item post-375 page type-page status-publish has-post-thumbnail hentry\"><article class=\"kt-blocks-post-grid-item\"><div class=\"kt-blocks-post-grid-item-inner-wrap kt-feat-image-align-top kt-feat-image-mobile-align-top\"><div class=\"kadence-post-image\"><div class=\"kadence-post-image-intrisic kt-image-ratio-66-67\" style=\"padding-bottom:66.67%;\"><div class=\"kadence-post-image-inner-intrisic\"><a aria-hidden=\"true\" tabindex=\"-1\" role=\"presentation\" href=\"https:\/\/nutspyha.fi\/fi\/matkat\/10km\/\" aria-label=\"10 km\" class=\"kadence-post-image-inner-wrap\"><img loading=\"lazy\" decoding=\"async\" width=\"1024\" height=\"683\" src=\"https:\/\/media.nuts.fi\/wp-content\/uploads\/sites\/8\/2024\/08\/28141556\/RH7A6200-3.jpg\" class=\"attachment-large size-large wp-post-image\" alt=\"\" srcset=\"https:\/\/media.nuts.fi\/wp-content\/uploads\/sites\/8\/2024\/08\/28141556\/RH7A6200-3.jpg 1024w, https:\/\/media.nuts.fi\/wp-content\/uploads\/sites\/8\/2024\/08\/28141556\/RH7A6200-3-300x200.jpg 300w, https:\/\/media.nuts.fi\/wp-content\/uploads\/sites\/8\/2024\/08\/28141556\/RH7A6200-3-768x512.jpg 768w\" sizes=\"auto, (max-width: 1024px) 100vw, 1024px\" \/><\/a><\/div><\/div><\/div><div class=\"kt-blocks-post-grid-item-inner\"><header><h2 class=\"entry-title\"><a href=\"https:\/\/nutspyha.fi\/fi\/matkat\/10km\/\">10 km<\/a><\/h2><div class=\"kt-blocks-post-top-meta\"><\/div><\/header><div class=\"entry-content\">Lyhyt, mutta t\u00e4ynn\u00e4 Lapin tunnelmaa! 10 km reitti vie Aittakurun maisemiin, Karhunjuomalammen kautta Kultakeron huipulle ja takaisin tapahtumakeskukseen. Tunturijuoksun ydin!<div class=\"kt-blocks-post-readmore-wrap\"><a class=\"kt-blocks-post-readmore\" href=\"https:\/\/nutspyha.fi\/fi\/matkat\/10km\/\">Tutustu \u203a<span class=\"screen-reader-text\"> 10 km<\/span><\/a><\/div><\/div><footer class=\"kt-blocks-post-footer\"><div class=\"kt-blocks-post-footer-left\"><\/div><div class=\"kt-blocks-post-footer-right\"><\/div><\/footer><\/div><\/div><\/article><\/li><\/ul><\/div><\/div><\/div><!-- .wp-block-kadence-postgrid -->","protected":false},"excerpt":{"rendered":"<p>Lapin tunturit, kurut ja kivikot! 43 km reitti Pyh\u00e4-Luoston kansallispuiston halki vie yli Noitatunturin ja Laakakeron aina Luoston Kapustalle asti \u2013 paluu huiputtaen Kultakeron!<\/p>\n","protected":false},"author":1,"featured_media":1563,"parent":368,"menu_order":0,"comment_status":"closed","ping_status":"closed","template":"","meta":{"_kad_blocks_custom_css":"","_kad_blocks_head_custom_js":"","_kad_blocks_body_custom_js":"","_kad_blocks_footer_custom_js":"","_kad_post_transparent":"","_kad_post_title":"hide","_kad_post_layout":"","_kad_post_sidebar_id":"","_kad_post_content_style":"","_kad_post_vertical_padding":"","_kad_post_feature":"","_kad_post_feature_position":"","_kad_post_header":false,"_kad_post_footer":false,"_kad_post_classname":"","footnotes":""},"class_list":["post-370","page","type-page","status-publish","has-post-thumbnail","hentry"],"yoast_head":"<!-- This site is optimized with the Yoast SEO plugin v26.8 - https:\/\/yoast.com\/product\/yoast-seo-wordpress\/ -->\n<title>43 km - NUTS Pyh\u00e4 -polkujuoksu<\/title>\n<meta name=\"robots\" content=\"index, follow, max-snippet:-1, max-image-preview:large, max-video-preview:-1\" \/>\n<link rel=\"canonical\" href=\"https:\/\/nutspyha.fi\/fi\/matkat\/43km\/\" \/>\n<meta property=\"og:locale\" content=\"fi_FI\" \/>\n<meta property=\"og:type\" content=\"article\" \/>\n<meta property=\"og:title\" content=\"43 km - NUTS Pyh\u00e4 -polkujuoksu\" \/>\n<meta property=\"og:description\" content=\"Lapin tunturit, kurut ja kivikot! 43 km reitti Pyh\u00e4-Luoston kansallispuiston halki vie yli Noitatunturin ja Laakakeron aina Luoston Kapustalle asti \u2013 paluu huiputtaen Kultakeron!\" \/>\n<meta property=\"og:url\" content=\"https:\/\/nutspyha.fi\/fi\/matkat\/43km\/\" \/>\n<meta property=\"og:site_name\" content=\"NUTS Pyh\u00e4 -polkujuoksu\" \/>\n<meta property=\"article:modified_time\" content=\"2026-04-01T09:06:17+00:00\" \/>\n<meta property=\"og:image\" content=\"https:\/\/media.nuts.fi\/wp-content\/uploads\/sites\/8\/2024\/08\/28141557\/NUTS-Pyha23-Tapahtumakuvat-Rami-Valonen-maisemat-8.jpg\" \/>\n\t<meta property=\"og:image:width\" content=\"1024\" \/>\n\t<meta property=\"og:image:height\" content=\"768\" \/>\n\t<meta property=\"og:image:type\" content=\"image\/jpeg\" \/>\n<meta name=\"twitter:card\" content=\"summary_large_image\" \/>\n<meta name=\"twitter:label1\" content=\"Arvioitu lukuaika\" \/>\n\t<meta name=\"twitter:data1\" content=\"1 minuutti\" \/>\n<script type=\"application\/ld+json\" class=\"yoast-schema-graph\">{\"@context\":\"https:\/\/schema.org\",\"@graph\":[{\"@type\":\"WebPage\",\"@id\":\"https:\/\/nutspyha.fi\/fi\/matkat\/43km\/\",\"url\":\"https:\/\/nutspyha.fi\/fi\/matkat\/43km\/\",\"name\":\"43 km - NUTS Pyh\u00e4 -polkujuoksu\",\"isPartOf\":{\"@id\":\"https:\/\/nutspyha.fi\/fi\/#website\"},\"primaryImageOfPage\":{\"@id\":\"https:\/\/nutspyha.fi\/fi\/matkat\/43km\/#primaryimage\"},\"image\":{\"@id\":\"https:\/\/nutspyha.fi\/fi\/matkat\/43km\/#primaryimage\"},\"thumbnailUrl\":\"https:\/\/media.nuts.fi\/wp-content\/uploads\/sites\/8\/2024\/08\/28141557\/NUTS-Pyha23-Tapahtumakuvat-Rami-Valonen-maisemat-8.jpg\",\"datePublished\":\"2018-12-06T10:35:07+00:00\",\"dateModified\":\"2026-04-01T09:06:17+00:00\",\"breadcrumb\":{\"@id\":\"https:\/\/nutspyha.fi\/fi\/matkat\/43km\/#breadcrumb\"},\"inLanguage\":\"fi\",\"potentialAction\":[{\"@type\":\"ReadAction\",\"target\":[\"https:\/\/nutspyha.fi\/fi\/matkat\/43km\/\"]}]},{\"@type\":\"ImageObject\",\"inLanguage\":\"fi\",\"@id\":\"https:\/\/nutspyha.fi\/fi\/matkat\/43km\/#primaryimage\",\"url\":\"https:\/\/media.nuts.fi\/wp-content\/uploads\/sites\/8\/2024\/08\/28141557\/NUTS-Pyha23-Tapahtumakuvat-Rami-Valonen-maisemat-8.jpg\",\"contentUrl\":\"https:\/\/media.nuts.fi\/wp-content\/uploads\/sites\/8\/2024\/08\/28141557\/NUTS-Pyha23-Tapahtumakuvat-Rami-Valonen-maisemat-8.jpg\",\"width\":1024,\"height\":768},{\"@type\":\"BreadcrumbList\",\"@id\":\"https:\/\/nutspyha.fi\/fi\/matkat\/43km\/#breadcrumb\",\"itemListElement\":[{\"@type\":\"ListItem\",\"position\":1,\"name\":\"Etusivu\",\"item\":\"https:\/\/nutspyha.fi\/fi\/\"},{\"@type\":\"ListItem\",\"position\":2,\"name\":\"Matkat\",\"item\":\"https:\/\/nutspyha.fi\/fi\/matkat\/\"},{\"@type\":\"ListItem\",\"position\":3,\"name\":\"43 km\"}]},{\"@type\":\"WebSite\",\"@id\":\"https:\/\/nutspyha.fi\/fi\/#website\",\"url\":\"https:\/\/nutspyha.fi\/fi\/\",\"name\":\"NUTS Pyh\u00e4 -polkujuoksu\",\"description\":\"Polkujuoksu 10 km, 21 km ja 43 km Pyh\u00e4\u2013Luoston kansallispuistossa\",\"publisher\":{\"@id\":\"https:\/\/nutspyha.fi\/fi\/#organization\"},\"potentialAction\":[{\"@type\":\"SearchAction\",\"target\":{\"@type\":\"EntryPoint\",\"urlTemplate\":\"https:\/\/nutspyha.fi\/fi\/?s={search_term_string}\"},\"query-input\":{\"@type\":\"PropertyValueSpecification\",\"valueRequired\":true,\"valueName\":\"search_term_string\"}}],\"inLanguage\":\"fi\"},{\"@type\":\"Organization\",\"@id\":\"https:\/\/nutspyha.fi\/fi\/#organization\",\"name\":\"NUTS Pyh\u00e4 -polkujuoksu\",\"url\":\"https:\/\/nutspyha.fi\/fi\/\",\"logo\":{\"@type\":\"ImageObject\",\"inLanguage\":\"fi\",\"@id\":\"https:\/\/nutspyha.fi\/fi\/#\/schema\/logo\/image\/\",\"url\":\"https:\/\/media.nuts.fi\/wp-content\/uploads\/sites\/8\/2025\/01\/28141552\/nuts-pyha-white.svg\",\"contentUrl\":\"https:\/\/media.nuts.fi\/wp-content\/uploads\/sites\/8\/2025\/01\/28141552\/nuts-pyha-white.svg\",\"caption\":\"NUTS Pyh\u00e4 -polkujuoksu\"},\"image\":{\"@id\":\"https:\/\/nutspyha.fi\/fi\/#\/schema\/logo\/image\/\"}}]}<\/script>\n<!-- \/ Yoast SEO plugin. -->","yoast_head_json":{"title":"43 km - NUTS Pyh\u00e4 -polkujuoksu","robots":{"index":"index","follow":"follow","max-snippet":"max-snippet:-1","max-image-preview":"max-image-preview:large","max-video-preview":"max-video-preview:-1"},"canonical":"https:\/\/nutspyha.fi\/fi\/matkat\/43km\/","og_locale":"fi_FI","og_type":"article","og_title":"43 km - NUTS Pyh\u00e4 -polkujuoksu","og_description":"Lapin tunturit, kurut ja kivikot! 43 km reitti Pyh\u00e4-Luoston kansallispuiston halki vie yli Noitatunturin ja Laakakeron aina Luoston Kapustalle asti \u2013 paluu huiputtaen Kultakeron!","og_url":"https:\/\/nutspyha.fi\/fi\/matkat\/43km\/","og_site_name":"NUTS Pyh\u00e4 -polkujuoksu","article_modified_time":"2026-04-01T09:06:17+00:00","og_image":[{"width":1024,"height":768,"url":"https:\/\/media.nuts.fi\/wp-content\/uploads\/sites\/8\/2024\/08\/28141557\/NUTS-Pyha23-Tapahtumakuvat-Rami-Valonen-maisemat-8.jpg","type":"image\/jpeg"}],"twitter_card":"summary_large_image","twitter_misc":{"Arvioitu lukuaika":"1 minuutti"},"schema":{"@context":"https:\/\/schema.org","@graph":[{"@type":"WebPage","@id":"https:\/\/nutspyha.fi\/fi\/matkat\/43km\/","url":"https:\/\/nutspyha.fi\/fi\/matkat\/43km\/","name":"43 km - NUTS Pyh\u00e4 -polkujuoksu","isPartOf":{"@id":"https:\/\/nutspyha.fi\/fi\/#website"},"primaryImageOfPage":{"@id":"https:\/\/nutspyha.fi\/fi\/matkat\/43km\/#primaryimage"},"image":{"@id":"https:\/\/nutspyha.fi\/fi\/matkat\/43km\/#primaryimage"},"thumbnailUrl":"https:\/\/media.nuts.fi\/wp-content\/uploads\/sites\/8\/2024\/08\/28141557\/NUTS-Pyha23-Tapahtumakuvat-Rami-Valonen-maisemat-8.jpg","datePublished":"2018-12-06T10:35:07+00:00","dateModified":"2026-04-01T09:06:17+00:00","breadcrumb":{"@id":"https:\/\/nutspyha.fi\/fi\/matkat\/43km\/#breadcrumb"},"inLanguage":"fi","potentialAction":[{"@type":"ReadAction","target":["https:\/\/nutspyha.fi\/fi\/matkat\/43km\/"]}]},{"@type":"ImageObject","inLanguage":"fi","@id":"https:\/\/nutspyha.fi\/fi\/matkat\/43km\/#primaryimage","url":"https:\/\/media.nuts.fi\/wp-content\/uploads\/sites\/8\/2024\/08\/28141557\/NUTS-Pyha23-Tapahtumakuvat-Rami-Valonen-maisemat-8.jpg","contentUrl":"https:\/\/media.nuts.fi\/wp-content\/uploads\/sites\/8\/2024\/08\/28141557\/NUTS-Pyha23-Tapahtumakuvat-Rami-Valonen-maisemat-8.jpg","width":1024,"height":768},{"@type":"BreadcrumbList","@id":"https:\/\/nutspyha.fi\/fi\/matkat\/43km\/#breadcrumb","itemListElement":[{"@type":"ListItem","position":1,"name":"Etusivu","item":"https:\/\/nutspyha.fi\/fi\/"},{"@type":"ListItem","position":2,"name":"Matkat","item":"https:\/\/nutspyha.fi\/fi\/matkat\/"},{"@type":"ListItem","position":3,"name":"43 km"}]},{"@type":"WebSite","@id":"https:\/\/nutspyha.fi\/fi\/#website","url":"https:\/\/nutspyha.fi\/fi\/","name":"NUTS Pyh\u00e4 -polkujuoksu","description":"Polkujuoksu 10 km, 21 km ja 43 km Pyh\u00e4\u2013Luoston kansallispuistossa","publisher":{"@id":"https:\/\/nutspyha.fi\/fi\/#organization"},"potentialAction":[{"@type":"SearchAction","target":{"@type":"EntryPoint","urlTemplate":"https:\/\/nutspyha.fi\/fi\/?s={search_term_string}"},"query-input":{"@type":"PropertyValueSpecification","valueRequired":true,"valueName":"search_term_string"}}],"inLanguage":"fi"},{"@type":"Organization","@id":"https:\/\/nutspyha.fi\/fi\/#organization","name":"NUTS Pyh\u00e4 -polkujuoksu","url":"https:\/\/nutspyha.fi\/fi\/","logo":{"@type":"ImageObject","inLanguage":"fi","@id":"https:\/\/nutspyha.fi\/fi\/#\/schema\/logo\/image\/","url":"https:\/\/media.nuts.fi\/wp-content\/uploads\/sites\/8\/2025\/01\/28141552\/nuts-pyha-white.svg","contentUrl":"https:\/\/media.nuts.fi\/wp-content\/uploads\/sites\/8\/2025\/01\/28141552\/nuts-pyha-white.svg","caption":"NUTS Pyh\u00e4 -polkujuoksu"},"image":{"@id":"https:\/\/nutspyha.fi\/fi\/#\/schema\/logo\/image\/"}}]}},"taxonomy_info":[],"featured_image_src_large":["https:\/\/media.nuts.fi\/wp-content\/uploads\/sites\/8\/2024\/08\/28141557\/NUTS-Pyha23-Tapahtumakuvat-Rami-Valonen-maisemat-8.jpg",1024,768,false],"author_info":{"display_name":"NUTS","author_link":"https:\/\/nutspyha.fi\/fi\/author\/user\/"},"comment_info":0,"_links":{"self":[{"href":"https:\/\/nutspyha.fi\/fi\/wp-json\/wp\/v2\/pages\/370","targetHints":{"allow":["GET"]}}],"collection":[{"href":"https:\/\/nutspyha.fi\/fi\/wp-json\/wp\/v2\/pages"}],"about":[{"href":"https:\/\/nutspyha.fi\/fi\/wp-json\/wp\/v2\/types\/page"}],"author":[{"embeddable":true,"href":"https:\/\/nutspyha.fi\/fi\/wp-json\/wp\/v2\/users\/1"}],"replies":[{"embeddable":true,"href":"https:\/\/nutspyha.fi\/fi\/wp-json\/wp\/v2\/comments?post=370"}],"version-history":[{"count":8,"href":"https:\/\/nutspyha.fi\/fi\/wp-json\/wp\/v2\/pages\/370\/revisions"}],"predecessor-version":[{"id":2449,"href":"https:\/\/nutspyha.fi\/fi\/wp-json\/wp\/v2\/pages\/370\/revisions\/2449"}],"up":[{"embeddable":true,"href":"https:\/\/nutspyha.fi\/fi\/wp-json\/wp\/v2\/pages\/368"}],"wp:featuredmedia":[{"embeddable":true,"href":"https:\/\/nutspyha.fi\/fi\/wp-json\/wp\/v2\/media\/1563"}],"wp:attachment":[{"href":"https:\/\/nutspyha.fi\/fi\/wp-json\/wp\/v2\/media?parent=370"}],"curies":[{"name":"wp","href":"https:\/\/api.w.org\/{rel}","templated":true}]}}