{"id":727,"date":"2019-07-22T13:17:03","date_gmt":"2019-07-22T11:17:03","guid":{"rendered":"http:\/\/tunturimaraton.fi\/?page_id=727"},"modified":"2025-01-24T21:25:46","modified_gmt":"2025-01-24T21:25:46","slug":"muutokset-ilmoittautumisiin","status":"publish","type":"page","link":"https:\/\/nutspyha.fi\/fi\/muutokset-ilmoittautumisiin\/","title":{"rendered":"Muutokset ilmoittautumisiin"},"content":{"rendered":"\n<h2 class=\"wp-block-heading\">Henkil\u00f6kohtainen ilmoittautumislinkki<\/h2>\n\n\n\n<p>Operoimme<strong>&nbsp;NUTS Trail Running -tapahtumien<\/strong>&nbsp;ilmoittautumiset&nbsp;<strong>RaceResult-j\u00e4rjestelm\u00e4n<\/strong>&nbsp;kautta. Kun ilmoittaudut tapahtumaamme, saat antamaasi s\u00e4hk\u00f6postiosoitteeseen ilmoittautumisvahvistuksen ja kuitin RaceResult-palvelusta.<\/p>\n\n\n\n<p>Ilmoittautumisvahvistusviestiin on liitetty my\u00f6s&nbsp;<strong>henkil\u00f6kohtainen itsepalvelulinkkisi<\/strong>. Linkin kautta p\u00e4\u00e4set&nbsp;<strong>itse<\/strong> muokkaamaan tietojasi kuten vaihtamaan matkasarjaa ja esimerkiksi ostamaan j\u00e4lkik\u00e4teen lis\u00e4tuotteita tai -palveluita.<\/p>\n\n\n\n<p>Jos ilmoittautumisesi on osana ryhm\u00e4ilmoittautumista, ainoastaan ryhm\u00e4nne \u201dkapteenille\u201d, eli ensimm\u00e4inen nimi ryhm\u00e4listassa, on l\u00e4hetetty vahvistusviesti ja ryhm\u00e4kohtainen ilmoittautumislinkki. T\u00e4ll\u00f6in vain kapteeni p\u00e4\u00e4see muokkaamaan ryhm\u00e4n j\u00e4senten tietoja.<\/p>\n\n\n\n<p>Hukkuneet ilmoittautumisvahvistukset ja linkit selvittelee&nbsp;<a href=\"mailto:info@nuts.fi\">info@nuts.fi<\/a>.<\/p>\n\n\n\n<p>Lue lis\u00e4\u00e4 ohjeita <a href=\"https:\/\/nuts.fi\/muutokset-ja-siirrot-tapahtumailmoittautumisiin\/\"><strong>t\u00e4\u00e4lt\u00e4<\/strong><\/a>.<\/p>\n","protected":false},"excerpt":{"rendered":"<p>Henkil\u00f6kohtainen ilmoittautumislinkki Operoimme&nbsp;NUTS Trail Running -tapahtumien&nbsp;ilmoittautumiset&nbsp;RaceResult-j\u00e4rjestelm\u00e4n&nbsp;kautta. Kun ilmoittaudut tapahtumaamme, saat antamaasi s\u00e4hk\u00f6postiosoitteeseen ilmoittautumisvahvistuksen ja kuitin RaceResult-palvelusta. Ilmoittautumisvahvistusviestiin on liitetty my\u00f6s&nbsp;henkil\u00f6kohtainen itsepalvelulinkkisi. Linkin kautta p\u00e4\u00e4set&nbsp;itse muokkaamaan tietojasi kuten vaihtamaan matkasarjaa ja esimerkiksi ostamaan j\u00e4lkik\u00e4teen lis\u00e4tuotteita tai -palveluita. Jos ilmoittautumisesi on osana ryhm\u00e4ilmoittautumista, ainoastaan ryhm\u00e4nne \u201dkapteenille\u201d, eli ensimm\u00e4inen nimi ryhm\u00e4listassa, on l\u00e4hetetty vahvistusviesti ja ryhm\u00e4kohtainen ilmoittautumislinkki. T\u00e4ll\u00f6in&#8230;<\/p>\n","protected":false},"author":1,"featured_media":0,"parent":0,"menu_order":0,"comment_status":"closed","ping_status":"closed","template":"","meta":{"_kad_blocks_custom_css":"","_kad_blocks_head_custom_js":"","_kad_blocks_body_custom_js":"","_kad_blocks_footer_custom_js":"","_kad_post_transparent":"","_kad_post_title":"","_kad_post_layout":"","_kad_post_sidebar_id":"","_kad_post_content_style":"","_kad_post_vertical_padding":"top","_kad_post_feature":"","_kad_post_feature_position":"","_kad_post_header":false,"_kad_post_footer":false,"_kad_post_classname":"","footnotes":""},"class_list":["post-727","page","type-page","status-publish","hentry"],"yoast_head":"<!-- This site is optimized with the Yoast SEO plugin v26.8 - https:\/\/yoast.com\/product\/yoast-seo-wordpress\/ -->\n<title>Muutokset ilmoittautumisiin - NUTS Pyh\u00e4 -polkujuoksu<\/title>\n<meta name=\"robots\" content=\"index, follow, max-snippet:-1, max-image-preview:large, max-video-preview:-1\" \/>\n<link rel=\"canonical\" href=\"https:\/\/nutspyha.fi\/fi\/muutokset-ilmoittautumisiin\/\" \/>\n<meta property=\"og:locale\" content=\"fi_FI\" \/>\n<meta property=\"og:type\" content=\"article\" \/>\n<meta property=\"og:title\" content=\"Muutokset ilmoittautumisiin - NUTS Pyh\u00e4 -polkujuoksu\" \/>\n<meta property=\"og:description\" content=\"Henkil\u00f6kohtainen ilmoittautumislinkki Operoimme&nbsp;NUTS Trail Running -tapahtumien&nbsp;ilmoittautumiset&nbsp;RaceResult-j\u00e4rjestelm\u00e4n&nbsp;kautta. Kun ilmoittaudut tapahtumaamme, saat antamaasi s\u00e4hk\u00f6postiosoitteeseen ilmoittautumisvahvistuksen ja kuitin RaceResult-palvelusta. Ilmoittautumisvahvistusviestiin on liitetty my\u00f6s&nbsp;henkil\u00f6kohtainen itsepalvelulinkkisi. Linkin kautta p\u00e4\u00e4set&nbsp;itse muokkaamaan tietojasi kuten vaihtamaan matkasarjaa ja esimerkiksi ostamaan j\u00e4lkik\u00e4teen lis\u00e4tuotteita tai -palveluita. Jos ilmoittautumisesi on osana ryhm\u00e4ilmoittautumista, ainoastaan ryhm\u00e4nne \u201dkapteenille\u201d, eli ensimm\u00e4inen nimi ryhm\u00e4listassa, on l\u00e4hetetty vahvistusviesti ja ryhm\u00e4kohtainen ilmoittautumislinkki. T\u00e4ll\u00f6in...\" \/>\n<meta property=\"og:url\" content=\"https:\/\/nutspyha.fi\/fi\/muutokset-ilmoittautumisiin\/\" \/>\n<meta property=\"og:site_name\" content=\"NUTS Pyh\u00e4 -polkujuoksu\" \/>\n<meta property=\"article:modified_time\" content=\"2025-01-24T21:25:46+00:00\" \/>\n<meta name=\"twitter:card\" content=\"summary_large_image\" \/>\n<meta name=\"twitter:label1\" content=\"Arvioitu lukuaika\" \/>\n\t<meta name=\"twitter:data1\" content=\"1 minuutti\" \/>\n<script type=\"application\/ld+json\" class=\"yoast-schema-graph\">{\"@context\":\"https:\/\/schema.org\",\"@graph\":[{\"@type\":\"WebPage\",\"@id\":\"https:\/\/nutspyha.fi\/fi\/muutokset-ilmoittautumisiin\/\",\"url\":\"https:\/\/nutspyha.fi\/fi\/muutokset-ilmoittautumisiin\/\",\"name\":\"Muutokset ilmoittautumisiin - NUTS Pyh\u00e4 -polkujuoksu\",\"isPartOf\":{\"@id\":\"https:\/\/nutspyha.fi\/fi\/#website\"},\"datePublished\":\"2019-07-22T11:17:03+00:00\",\"dateModified\":\"2025-01-24T21:25:46+00:00\",\"breadcrumb\":{\"@id\":\"https:\/\/nutspyha.fi\/fi\/muutokset-ilmoittautumisiin\/#breadcrumb\"},\"inLanguage\":\"fi\",\"potentialAction\":[{\"@type\":\"ReadAction\",\"target\":[\"https:\/\/nutspyha.fi\/fi\/muutokset-ilmoittautumisiin\/\"]}]},{\"@type\":\"BreadcrumbList\",\"@id\":\"https:\/\/nutspyha.fi\/fi\/muutokset-ilmoittautumisiin\/#breadcrumb\",\"itemListElement\":[{\"@type\":\"ListItem\",\"position\":1,\"name\":\"Etusivu\",\"item\":\"https:\/\/nutspyha.fi\/fi\/\"},{\"@type\":\"ListItem\",\"position\":2,\"name\":\"Muutokset ilmoittautumisiin\"}]},{\"@type\":\"WebSite\",\"@id\":\"https:\/\/nutspyha.fi\/fi\/#website\",\"url\":\"https:\/\/nutspyha.fi\/fi\/\",\"name\":\"NUTS Pyh\u00e4 -polkujuoksu\",\"description\":\"Polkujuoksu 10 km, 21 km ja 43 km Pyh\u00e4\u2013Luoston kansallispuistossa\",\"publisher\":{\"@id\":\"https:\/\/nutspyha.fi\/fi\/#organization\"},\"potentialAction\":[{\"@type\":\"SearchAction\",\"target\":{\"@type\":\"EntryPoint\",\"urlTemplate\":\"https:\/\/nutspyha.fi\/fi\/?s={search_term_string}\"},\"query-input\":{\"@type\":\"PropertyValueSpecification\",\"valueRequired\":true,\"valueName\":\"search_term_string\"}}],\"inLanguage\":\"fi\"},{\"@type\":\"Organization\",\"@id\":\"https:\/\/nutspyha.fi\/fi\/#organization\",\"name\":\"NUTS Pyh\u00e4 -polkujuoksu\",\"url\":\"https:\/\/nutspyha.fi\/fi\/\",\"logo\":{\"@type\":\"ImageObject\",\"inLanguage\":\"fi\",\"@id\":\"https:\/\/nutspyha.fi\/fi\/#\/schema\/logo\/image\/\",\"url\":\"https:\/\/media.nuts.fi\/wp-content\/uploads\/sites\/8\/2025\/01\/28141552\/nuts-pyha-white.svg\",\"contentUrl\":\"https:\/\/media.nuts.fi\/wp-content\/uploads\/sites\/8\/2025\/01\/28141552\/nuts-pyha-white.svg\",\"caption\":\"NUTS Pyh\u00e4 -polkujuoksu\"},\"image\":{\"@id\":\"https:\/\/nutspyha.fi\/fi\/#\/schema\/logo\/image\/\"}}]}<\/script>\n<!-- \/ Yoast SEO plugin. -->","yoast_head_json":{"title":"Muutokset ilmoittautumisiin - NUTS Pyh\u00e4 -polkujuoksu","robots":{"index":"index","follow":"follow","max-snippet":"max-snippet:-1","max-image-preview":"max-image-preview:large","max-video-preview":"max-video-preview:-1"},"canonical":"https:\/\/nutspyha.fi\/fi\/muutokset-ilmoittautumisiin\/","og_locale":"fi_FI","og_type":"article","og_title":"Muutokset ilmoittautumisiin - NUTS Pyh\u00e4 -polkujuoksu","og_description":"Henkil\u00f6kohtainen ilmoittautumislinkki Operoimme&nbsp;NUTS Trail Running -tapahtumien&nbsp;ilmoittautumiset&nbsp;RaceResult-j\u00e4rjestelm\u00e4n&nbsp;kautta. Kun ilmoittaudut tapahtumaamme, saat antamaasi s\u00e4hk\u00f6postiosoitteeseen ilmoittautumisvahvistuksen ja kuitin RaceResult-palvelusta. Ilmoittautumisvahvistusviestiin on liitetty my\u00f6s&nbsp;henkil\u00f6kohtainen itsepalvelulinkkisi. Linkin kautta p\u00e4\u00e4set&nbsp;itse muokkaamaan tietojasi kuten vaihtamaan matkasarjaa ja esimerkiksi ostamaan j\u00e4lkik\u00e4teen lis\u00e4tuotteita tai -palveluita. Jos ilmoittautumisesi on osana ryhm\u00e4ilmoittautumista, ainoastaan ryhm\u00e4nne \u201dkapteenille\u201d, eli ensimm\u00e4inen nimi ryhm\u00e4listassa, on l\u00e4hetetty vahvistusviesti ja ryhm\u00e4kohtainen ilmoittautumislinkki. T\u00e4ll\u00f6in...","og_url":"https:\/\/nutspyha.fi\/fi\/muutokset-ilmoittautumisiin\/","og_site_name":"NUTS Pyh\u00e4 -polkujuoksu","article_modified_time":"2025-01-24T21:25:46+00:00","twitter_card":"summary_large_image","twitter_misc":{"Arvioitu lukuaika":"1 minuutti"},"schema":{"@context":"https:\/\/schema.org","@graph":[{"@type":"WebPage","@id":"https:\/\/nutspyha.fi\/fi\/muutokset-ilmoittautumisiin\/","url":"https:\/\/nutspyha.fi\/fi\/muutokset-ilmoittautumisiin\/","name":"Muutokset ilmoittautumisiin - NUTS Pyh\u00e4 -polkujuoksu","isPartOf":{"@id":"https:\/\/nutspyha.fi\/fi\/#website"},"datePublished":"2019-07-22T11:17:03+00:00","dateModified":"2025-01-24T21:25:46+00:00","breadcrumb":{"@id":"https:\/\/nutspyha.fi\/fi\/muutokset-ilmoittautumisiin\/#breadcrumb"},"inLanguage":"fi","potentialAction":[{"@type":"ReadAction","target":["https:\/\/nutspyha.fi\/fi\/muutokset-ilmoittautumisiin\/"]}]},{"@type":"BreadcrumbList","@id":"https:\/\/nutspyha.fi\/fi\/muutokset-ilmoittautumisiin\/#breadcrumb","itemListElement":[{"@type":"ListItem","position":1,"name":"Etusivu","item":"https:\/\/nutspyha.fi\/fi\/"},{"@type":"ListItem","position":2,"name":"Muutokset ilmoittautumisiin"}]},{"@type":"WebSite","@id":"https:\/\/nutspyha.fi\/fi\/#website","url":"https:\/\/nutspyha.fi\/fi\/","name":"NUTS Pyh\u00e4 -polkujuoksu","description":"Polkujuoksu 10 km, 21 km ja 43 km Pyh\u00e4\u2013Luoston kansallispuistossa","publisher":{"@id":"https:\/\/nutspyha.fi\/fi\/#organization"},"potentialAction":[{"@type":"SearchAction","target":{"@type":"EntryPoint","urlTemplate":"https:\/\/nutspyha.fi\/fi\/?s={search_term_string}"},"query-input":{"@type":"PropertyValueSpecification","valueRequired":true,"valueName":"search_term_string"}}],"inLanguage":"fi"},{"@type":"Organization","@id":"https:\/\/nutspyha.fi\/fi\/#organization","name":"NUTS Pyh\u00e4 -polkujuoksu","url":"https:\/\/nutspyha.fi\/fi\/","logo":{"@type":"ImageObject","inLanguage":"fi","@id":"https:\/\/nutspyha.fi\/fi\/#\/schema\/logo\/image\/","url":"https:\/\/media.nuts.fi\/wp-content\/uploads\/sites\/8\/2025\/01\/28141552\/nuts-pyha-white.svg","contentUrl":"https:\/\/media.nuts.fi\/wp-content\/uploads\/sites\/8\/2025\/01\/28141552\/nuts-pyha-white.svg","caption":"NUTS Pyh\u00e4 -polkujuoksu"},"image":{"@id":"https:\/\/nutspyha.fi\/fi\/#\/schema\/logo\/image\/"}}]}},"taxonomy_info":[],"featured_image_src_large":false,"author_info":{"display_name":"NUTS","author_link":"https:\/\/nutspyha.fi\/fi\/author\/user\/"},"comment_info":0,"_links":{"self":[{"href":"https:\/\/nutspyha.fi\/fi\/wp-json\/wp\/v2\/pages\/727","targetHints":{"allow":["GET"]}}],"collection":[{"href":"https:\/\/nutspyha.fi\/fi\/wp-json\/wp\/v2\/pages"}],"about":[{"href":"https:\/\/nutspyha.fi\/fi\/wp-json\/wp\/v2\/types\/page"}],"author":[{"embeddable":true,"href":"https:\/\/nutspyha.fi\/fi\/wp-json\/wp\/v2\/users\/1"}],"replies":[{"embeddable":true,"href":"https:\/\/nutspyha.fi\/fi\/wp-json\/wp\/v2\/comments?post=727"}],"version-history":[{"count":1,"href":"https:\/\/nutspyha.fi\/fi\/wp-json\/wp\/v2\/pages\/727\/revisions"}],"predecessor-version":[{"id":1753,"href":"https:\/\/nutspyha.fi\/fi\/wp-json\/wp\/v2\/pages\/727\/revisions\/1753"}],"wp:attachment":[{"href":"https:\/\/nutspyha.fi\/fi\/wp-json\/wp\/v2\/media?parent=727"}],"curies":[{"name":"wp","href":"https:\/\/api.w.org\/{rel}","templated":true}]}}